{"id":1057,"date":"2010-10-04T16:29:16","date_gmt":"2010-10-04T16:29:16","guid":{"rendered":"http:\/\/hydraulics.unibs.it\/hydraulics\/?page_id=1057"},"modified":"2011-05-05T14:56:52","modified_gmt":"2011-05-05T14:56:52","slug":"il-supporto-alla-ricerca","status":"publish","type":"page","link":"https:\/\/hydraulics.unibs.it\/hydraulics\/attivita-scientifica\/il-supporto-alla-ricerca\/","title":{"rendered":"Il Supporto alla Ricerca"},"content":{"rendered":"<p>L&#8217;attivit\u00e0 di ricerca in campo limnologico effettuata dal nostro gruppo \u00e8 stata resa possibile grazie all&#8217;appoggio di alcuni Enti che hanno creduto nelle nostre idee e nella nostra volont\u00e0 di realizzarle. Questa pagina vuole ricordare questo contributo fondamentale.<\/p>\n<ul>\n<li><strong><a href=\"http:\/\/www.consorziolaghi.it\" target=\"_blank\">Consorzio Gestione Associata dei laghi d&#8217;Iseo, Endine e Moro<\/a><\/strong>;<\/li>\n<li><strong><a href=\"http:\/\/www.fondazionebresciana.org\/F_editoriale_06.asp?IDCategoria=1\" target=\"_blank\">Fondazione della Comunit\u00e0 Bresciana<\/a><\/strong>;<a href=\"http:\/\/hydraulics.unibs.it\/hydraulics\/wp-content\/uploads\/2010\/10\/FOndazione_comunit\u00e0_bresciana.png\" data-rel=\"lightbox-image-0\" data-rl_title=\"\" data-rl_caption=\"\" title=\"\"><br \/>\n<\/a><\/li>\n<li><strong><a href=\"http:\/\/www.cmlaghi.bg.it\/\" target=\"_blank\">Comunit\u00e0 Montana dei Laghi Bergamaschi<\/a><\/strong>;<\/li>\n<li><strong><a href=\"http:\/\/www.irealp.it\/\" target=\"_blank\">Regione Lombardia &#8211; IREALP<\/a><\/strong><a href=\"http:\/\/www.irealp.it\/\" target=\"_blank\"><\/a>.<strong><a href=\"http:\/\/www.irealp.it\/\" target=\"_blank\"><br \/>\n<\/a><\/strong><\/li>\n<\/ul>\n<p>&nbsp;<\/p>\n<p>Ci \u00e8 inoltre caro ricordare il contributo di tutte quelle persone appassionate che hanno condiviso con noi l&#8217;amore per il lago e senza il cui apporto disinteressato molte cose che abbiamo fatto non sarebbero state possibili:<\/p>\n<ul>\n<li><strong>Vittorio Ragazzi<\/strong>, che per primo ha creduto in quello che facevamo;<\/li>\n<li><strong>Aurelio Sandal<\/strong>, omnipresente: una certezza in ogni difficolt\u00e0;<\/li>\n<li><strong>Nicol\u00f2<\/strong> e <strong>Maurizio<\/strong>, per la passione con cui ci hanno aiutato, andando ben oltre la prestazione professionale;<\/li>\n<li><strong>Peppino Pagliardi<\/strong>, per la sua curiosit\u00e0, l&#8217;energia e l&#8217;entusiasmo incontenibile.<\/li>\n<\/ul>\n<p>&nbsp;<\/p>\n<p>Una categoria a parte \u00e8 costituita dai <strong>subacquei<\/strong>; senza il loro aiuto il nostro gruppo non avrebbe potuto letteralmente muoversi all&#8217;interno del lago e gestire gli strumenti posizionati. Ricordiamo quindi:<\/p>\n<ul>\n<li><strong>Fabio<\/strong>, del centro nautico di Gre;<\/li>\n<li><strong>Peppino Pagliardi<\/strong>;<\/li>\n<li><strong>Simone Franzoni<\/strong>;<\/li>\n<li><strong>Massimo Ziliani <\/strong>e tutti gli amici del <em><strong>Gruppo Sub di MonteIsola<\/strong>.<\/em><\/li>\n<\/ul>\n<p>&nbsp;<\/p>\n<p>Un ringraziamento \u00e8 poi dovuto ai <strong>pescatori professionisti <\/strong>del lago, che hanno sopportato le nostre attivit\u00e0 anche quando, inevitabilmente, confliggevano con il loro lavoro, capendo probabilmente che condividiamo l&#8217;interesse per un lago migliore. In particolare, dobbiamo ricordare alcuni pescatori che ci hanno aiutato attivamente a conoscere la fenomenologia del lago:<\/p>\n<ul>\n<li>L&#8217;amico <strong>Livio Aniesi<\/strong>, memoria storica di 50 anni di attivit\u00e0;<\/li>\n<li><strong>Danilo Baiguini<\/strong>.<\/li>\n<\/ul>\n","protected":false},"excerpt":{"rendered":"<p>L&#8217;attivit\u00e0 di ricerca in campo limnologico effettuata dal nostro gruppo \u00e8 stata resa possibile grazie all&#8217;appoggio di alcuni Enti che hanno creduto nelle nostre idee e nella nostra volont\u00e0 di realizzarle. Questa pagina vuole ricordare questo contributo fondamentale. Consorzio Gestione Associata dei laghi d&#8217;Iseo, Endine e Moro; Fondazione della Comunit\u00e0 Bresciana; Comunit\u00e0 Montana dei Laghi Bergamaschi; Regione Lombardia &#8211; IREALP. &nbsp; Ci \u00e8 inoltre caro ricordare il contributo di tutte quelle persone appassionate che hanno condiviso con noi l&#8217;amore per&#8230;<\/p>\n<p class=\"read-more\"><a class=\"btn btn-default\" href=\"https:\/\/hydraulics.unibs.it\/hydraulics\/attivita-scientifica\/il-supporto-alla-ricerca\/\">Leggi tutto<span class=\"screen-reader-text\"> Leggi tutto<\/span><\/a><\/p>\n","protected":false},"author":1,"featured_media":0,"parent":38,"menu_order":7,"comment_status":"closed","ping_status":"open","template":"","meta":{"_bbp_topic_count":0,"_bbp_reply_count":0,"_bbp_total_topic_count":0,"_bbp_total_reply_count":0,"_bbp_voice_count":0,"_bbp_anonymous_reply_count":0,"_bbp_topic_count_hidden":0,"_bbp_reply_count_hidden":0,"_bbp_forum_subforum_count":0,"_exactmetrics_skip_tracking":false,"_exactmetrics_sitenote_active":false,"_exactmetrics_sitenote_note":"","_exactmetrics_sitenote_category":0,"_monsterinsights_skip_tracking":false,"_monsterinsights_sitenote_active":false,"_monsterinsights_sitenote_note":"","_monsterinsights_sitenote_category":0,"footnotes":""},"class_list":["post-1057","page","type-page","status-publish","hentry"],"_links":{"self":[{"href":"https:\/\/hydraulics.unibs.it\/hydraulics\/wp-json\/wp\/v2\/pages\/1057","targetHints":{"allow":["GET"]}}],"collection":[{"href":"https:\/\/hydraulics.unibs.it\/hydraulics\/wp-json\/wp\/v2\/pages"}],"about":[{"href":"https:\/\/hydraulics.unibs.it\/hydraulics\/wp-json\/wp\/v2\/types\/page"}],"author":[{"embeddable":true,"href":"https:\/\/hydraulics.unibs.it\/hydraulics\/wp-json\/wp\/v2\/users\/1"}],"replies":[{"embeddable":true,"href":"https:\/\/hydraulics.unibs.it\/hydraulics\/wp-json\/wp\/v2\/comments?post=1057"}],"version-history":[{"count":43,"href":"https:\/\/hydraulics.unibs.it\/hydraulics\/wp-json\/wp\/v2\/pages\/1057\/revisions"}],"predecessor-version":[{"id":1059,"href":"https:\/\/hydraulics.unibs.it\/hydraulics\/wp-json\/wp\/v2\/pages\/1057\/revisions\/1059"}],"up":[{"embeddable":true,"href":"https:\/\/hydraulics.unibs.it\/hydraulics\/wp-json\/wp\/v2\/pages\/38"}],"wp:attachment":[{"href":"https:\/\/hydraulics.unibs.it\/hydraulics\/wp-json\/wp\/v2\/media?parent=1057"}],"curies":[{"name":"wp","href":"https:\/\/api.w.org\/{rel}","templated":true}]}}