{"id":1293,"date":"2011-01-12T21:29:01","date_gmt":"2011-01-12T21:29:01","guid":{"rendered":"http:\/\/hydraulics.unibs.it\/hydraulics\/?page_id=1293"},"modified":"2011-04-01T12:23:47","modified_gmt":"2011-04-01T12:23:47","slug":"il-laboratorio-di-idraulica","status":"publish","type":"page","link":"https:\/\/hydraulics.unibs.it\/hydraulics\/attivita-scientifica\/il-laboratorio-di-idraulica\/","title":{"rendered":"Il Laboratorio di Idraulica"},"content":{"rendered":"<p>Al fine di rispondere ad esigenze didattiche e di sperimentazione, il Laboratorio di Idraulica ed Idrologia del Dipartimento di Ingegneria Civile della Universit\u00e0 di Brescia \u00e8 stato dotato di un canale a pendenza variabile, specificatamente progettato per soddisfare una serie di funzionalit\u00e0 didattiche e di ricerca nel rispetto dei vincoli imposti dalla struttura ospitante.<\/p>\n<p>Il sistema \u00e8 costituito da un serbatoio di monte, una canaletta a pendenza variabile ed un serbatoio di valle. Il serbatoio di monte \u00e8 collegato a quello di valle mediante un sistema di ricircolo della portata costituito da due condotte in parallelo con montati in serie due misuratori elettromagnetici di portata.<br \/>\n<figure id=\"attachment_1297\" aria-describedby=\"caption-attachment-1297\" style=\"width: 465px\" class=\"wp-caption aligncenter\"><a href=\"http:\/\/hydraulics.unibs.it\/hydraulics\/wp-content\/uploads\/2011\/01\/fotolabo1.jpg\" data-rel=\"lightbox-image-0\" data-rl_title=\"\" data-rl_caption=\"\"><img loading=\"lazy\" decoding=\"async\" src=\"http:\/\/hydraulics.unibs.it\/hydraulics\/wp-content\/uploads\/2011\/01\/fotolabo1.jpg\" alt=\"\" title=\"\" width=\"465\" height=\"349\" class=\"size-full wp-image-1297\" srcset=\"https:\/\/hydraulics.unibs.it\/hydraulics\/wp-content\/uploads\/2011\/01\/fotolabo1.jpg 465w, https:\/\/hydraulics.unibs.it\/hydraulics\/wp-content\/uploads\/2011\/01\/fotolabo1-300x225.jpg 300w\" sizes=\"auto, (max-width: 465px) 100vw, 465px\" \/><\/a><figcaption id=\"caption-attachment-1297\" class=\"wp-caption-text\">lo sbocco della canaletta del laboratorio nella vasca di valle<\/figcaption><\/figure><\/p>\n<p>Due pompe garantiscono la circolazione di una portata variabile con continuit\u00e0 da pochi litri secondo fino ad un massimo di 90 l\/s. Il serbatoio di monte e quello di valle possono poi essere collegati al sistema di ricircolo esterno del laboratorio a carico costante, che garantisce fino ad un massimo di altri 250 l\/s. Complessivamente, \u00e8  possibile disporre di una portata massima di circa 300 l\/s<\/p>\n<p>Il serbatoio di monte \u00e8 internamente diviso in due setti e, mediante un opportuno fascio tubiero, garantisce uno smorzamento della velocit\u00e0 di arrivo ed una omogeneizzazione della macroturbolenza. La corrente imbocca cos\u00ec la canaletta con velocit\u00e0 uniforme e molto bassa. La canaletta \u00e8 raccordata al serbatoio di monte mediante un semplice bavaglio a soffietto che garantisce semplicit\u00e0 esecutiva e tenuta assoluta.<\/p>\n<p>La canaletta ha una lunghezza di circa 11 m in lunghezza, con sezione retta di  0.7 m di larghezza per 0.4 m di altezza. E&#8217; realizzata con fondo in acciaio inossidabile e pareti laterali in vetro, al fine di facilitare la visione e l&#8217;utilizzo di eventuali strumenti laser. La canaletta \u00e8 realizzata in modo tale che la sua sezione sia parzializzabile. E&#8217; quindi possibile disporre, mediante semplici operazioni di adattamento, di una sezione di 18\/30\/45 e 70 cm di larghezza, al fine di venire incontro alle specifiche esigenze della didattica e della sperimentazione. Tale aspetto rende inoltre possibile studiare contemporaneamente due correnti differenti, operando sulle condizioni al contorno imposte alla canaletta. Tra le altre cose, rende inoltre possibile studiare correnti a portata decrescente e crescente nel verso del moto.<\/p>\n<p>Al fine di riuscire a garantire la massima precisione sia in termini di planarit\u00e0 del fondo che di pendenza, si \u00e8 evitato di retttificare la trave di irrigidimento sottostante. Si \u00e8 piuttosto preferito realizzare la canaletta con una serie di 11 conci singoli, ognuno montato sulla trave continua di irrigidimento mediante un sistema di viti di regolazione trasversale e longitudinale che consentono di ottenere, in fase di messa in opera iniziale, una perfetta planarit\u00e0 del fondo. La tenuta tra concio e concio \u00e8 perfetta ed \u00e8 garantita da una serie di O-ring di materiale opportuno. Ciascun concio \u00e8 poi predisposto per l&#8217;alloggiamento, a filo del fondo, di strumenti di misurazione. Dispone inoltre di un elevato numero di prese piezometriche che consentono la misura del profilo della corrente.<\/p>\n<figure id=\"attachment_1298\" aria-describedby=\"caption-attachment-1298\" style=\"width: 508px\" class=\"wp-caption aligncenter\"><a href=\"http:\/\/hydraulics.unibs.it\/hydraulics\/wp-content\/uploads\/2011\/01\/fotolabo2.gif\" data-rel=\"lightbox-image-1\" data-rl_title=\"\" data-rl_caption=\"\"><img loading=\"lazy\" decoding=\"async\" src=\"http:\/\/hydraulics.unibs.it\/hydraulics\/wp-content\/uploads\/2011\/01\/fotolabo2.gif\" alt=\"\" title=\"\" width=\"508\" height=\"381\" class=\"size-full wp-image-1298\" srcset=\"https:\/\/hydraulics.unibs.it\/hydraulics\/wp-content\/uploads\/2011\/01\/fotolabo2.gif 508w, https:\/\/hydraulics.unibs.it\/hydraulics\/wp-content\/uploads\/2011\/01\/fotolabo2-300x224.gif 300w\" sizes=\"auto, (max-width: 508px) 100vw, 508px\" \/><\/a><figcaption id=\"caption-attachment-1298\" class=\"wp-caption-text\">Passaggio di una corrente sopra uno stramazzo a larga soglia,modellato con la sezione parzializzata a 18 cm. Si nota la realizzazione del piano del canale mediante conci autonomi appoggiati a viti di regolazione.<\/figcaption><\/figure>\n<p>La trave di irrigidimento \u00e8 a sua volta incernierata su di un cavalletto posto in prossimit\u00e0 del serbatoio di monte ed \u00e8 controllata nella sua inclinazione da un sistema oleodinamico. Ci\u00f2 consente di ottenere escursioni di pendenza tra -0.01 e 0.07.<\/p>\n<figure id=\"attachment_1299\" aria-describedby=\"caption-attachment-1299\" style=\"width: 350px\" class=\"wp-caption aligncenter\"><a href=\"http:\/\/hydraulics.unibs.it\/hydraulics\/wp-content\/uploads\/2011\/01\/fotolabo3.jpg\" data-rel=\"lightbox-image-2\" data-rl_title=\"\" data-rl_caption=\"\"><img loading=\"lazy\" decoding=\"async\" src=\"http:\/\/hydraulics.unibs.it\/hydraulics\/wp-content\/uploads\/2011\/01\/fotolabo3.jpg\" alt=\"\" title=\"\" width=\"350\" height=\"270\" class=\"size-full wp-image-1299\" srcset=\"https:\/\/hydraulics.unibs.it\/hydraulics\/wp-content\/uploads\/2011\/01\/fotolabo3.jpg 350w, https:\/\/hydraulics.unibs.it\/hydraulics\/wp-content\/uploads\/2011\/01\/fotolabo3-300x231.jpg 300w\" sizes=\"auto, (max-width: 350px) 100vw, 350px\" \/><\/a><figcaption id=\"caption-attachment-1299\" class=\"wp-caption-text\">Il sistema oleodinamico di regolazione della pendenza del canale, con la centralina di controllo.<\/figcaption><\/figure>\n<p>Il serbatoio di valle \u00e8 diviso al suo interno in due sezioni ed \u00e8 collegabile alla vasca di raccolta centrale del laboratorio. Le sue  dimensioni garantiscono la completa deareazione dell&#8217;acqua anche alle portate maggiori. All&#8217;interno della vasca pu\u00f2 essere predisposto uno stramazzo Thomson,  che consente la misura di eventuali portate sfiorate.<\/p>\n<p>La canaletta \u00e8 provvista di una serie di accessori che rendono possibile lo studio degli aspetti fondamentali delle correnti a superficie libera, in accordo alla offerta didattica del gruppo di Idraulica e di Costruzioni Idrauliche. Gli accessori disponibili sono al momento costituiti da stramazzi in parete sottile, a larga soglia, paratoie verticali, paratoie ad istantanea rimozione per simulazione di eventi di dam break, restringimenti di sezione, canale venturi, sfioratori laterali&#8230;<\/p>\n<p>Sono disponibili il progetto della canaletta e i relativi disegni esecutivi.<\/p>\n","protected":false},"excerpt":{"rendered":"<p>Al fine di rispondere ad esigenze didattiche e di sperimentazione, il Laboratorio di Idraulica ed Idrologia del Dipartimento di Ingegneria Civile della Universit\u00e0 di Brescia \u00e8 stato dotato di un canale a pendenza variabile, specificatamente progettato per soddisfare una serie di funzionalit\u00e0 didattiche e di ricerca nel rispetto dei vincoli imposti dalla struttura ospitante. Il sistema \u00e8 costituito da un serbatoio di monte, una canaletta a pendenza variabile ed un serbatoio di valle. Il serbatoio di monte \u00e8 collegato a&#8230;<\/p>\n<p class=\"read-more\"><a class=\"btn btn-default\" href=\"https:\/\/hydraulics.unibs.it\/hydraulics\/attivita-scientifica\/il-laboratorio-di-idraulica\/\">Leggi tutto<span class=\"screen-reader-text\"> Leggi tutto<\/span><\/a><\/p>\n","protected":false},"author":1,"featured_media":0,"parent":38,"menu_order":5,"comment_status":"closed","ping_status":"open","template":"","meta":{"_bbp_topic_count":0,"_bbp_reply_count":0,"_bbp_total_topic_count":0,"_bbp_total_reply_count":0,"_bbp_voice_count":0,"_bbp_anonymous_reply_count":0,"_bbp_topic_count_hidden":0,"_bbp_reply_count_hidden":0,"_bbp_forum_subforum_count":0,"_exactmetrics_skip_tracking":false,"_exactmetrics_sitenote_active":false,"_exactmetrics_sitenote_note":"","_exactmetrics_sitenote_category":0,"_monsterinsights_skip_tracking":false,"_monsterinsights_sitenote_active":false,"_monsterinsights_sitenote_note":"","_monsterinsights_sitenote_category":0,"footnotes":""},"class_list":["post-1293","page","type-page","status-publish","hentry"],"_links":{"self":[{"href":"https:\/\/hydraulics.unibs.it\/hydraulics\/wp-json\/wp\/v2\/pages\/1293","targetHints":{"allow":["GET"]}}],"collection":[{"href":"https:\/\/hydraulics.unibs.it\/hydraulics\/wp-json\/wp\/v2\/pages"}],"about":[{"href":"https:\/\/hydraulics.unibs.it\/hydraulics\/wp-json\/wp\/v2\/types\/page"}],"author":[{"embeddable":true,"href":"https:\/\/hydraulics.unibs.it\/hydraulics\/wp-json\/wp\/v2\/users\/1"}],"replies":[{"embeddable":true,"href":"https:\/\/hydraulics.unibs.it\/hydraulics\/wp-json\/wp\/v2\/comments?post=1293"}],"version-history":[{"count":15,"href":"https:\/\/hydraulics.unibs.it\/hydraulics\/wp-json\/wp\/v2\/pages\/1293\/revisions"}],"predecessor-version":[{"id":1385,"href":"https:\/\/hydraulics.unibs.it\/hydraulics\/wp-json\/wp\/v2\/pages\/1293\/revisions\/1385"}],"up":[{"embeddable":true,"href":"https:\/\/hydraulics.unibs.it\/hydraulics\/wp-json\/wp\/v2\/pages\/38"}],"wp:attachment":[{"href":"https:\/\/hydraulics.unibs.it\/hydraulics\/wp-json\/wp\/v2\/media?parent=1293"}],"curies":[{"name":"wp","href":"https:\/\/api.w.org\/{rel}","templated":true}]}}