{"id":1720,"date":"2011-06-20T13:35:54","date_gmt":"2011-06-20T13:35:54","guid":{"rendered":"http:\/\/hydraulics.unibs.it\/hydraulics\/?page_id=1720"},"modified":"2024-04-23T06:19:14","modified_gmt":"2024-04-23T06:19:14","slug":"il-monitoraggio-del-lago-diseo","status":"publish","type":"page","link":"https:\/\/hydraulics.unibs.it\/hydraulics\/il-monitoraggio-del-lago-diseo\/","title":{"rendered":"Il Monitoraggio del Lago d&#8217;Iseo"},"content":{"rendered":"<p>Ponendosi quale finalit\u00e0 la comprensione di alcuni aspetti caratterizzanti l&#8217;idrodinamica del lago di Iseo e la tutela della qualit\u00e0 delle sue acque, a partire dal 2008 abbiamo iniziato una campagna di monitoraggio e di strumentazione del Lago di Iseo. Nel 2014, in particolare, si \u00e8 conclusa la realizzazione di una rete di 4 stazioni fisse che continuit\u00e0 ed in tempo reale consentono la visualizzazione in tempo reale dei dati caratterizzanti le condizioni meteorologiche e termiche presenti sul lago. I dati misurati in tempo reale e le serie storiche sono visualizzabili a questo <a href=\"http:\/\/hydraulics.unibs.it\/hydraulics\/il-monitoraggio-del-lago-diseo\/real-time-data-from-lake-monitoring-system\/\">link <\/a><strong>. <\/strong>Si dettagliano nel seguito queste stazioni e altre che hanno fornito delle rilevazioni duranti progetti ad hoc svolti in passato.<\/p>\n<p><a href=\"http:\/\/hydraulics.unibs.it\/hydraulics\/wp-content\/uploads\/2011\/06\/collage.jpeg\" data-rel=\"lightbox-image-0\" data-rl_title=\"\" data-rl_caption=\"\" title=\"\"><img loading=\"lazy\" decoding=\"async\" class=\"wp-image-3418 aligncenter\" src=\"http:\/\/hydraulics.unibs.it\/hydraulics\/wp-content\/uploads\/2011\/06\/collage.jpeg\" alt=\"collage\" width=\"638\" height=\"279\" srcset=\"https:\/\/hydraulics.unibs.it\/hydraulics\/wp-content\/uploads\/2011\/06\/collage.jpeg 1728w, https:\/\/hydraulics.unibs.it\/hydraulics\/wp-content\/uploads\/2011\/06\/collage-300x131.jpeg 300w, https:\/\/hydraulics.unibs.it\/hydraulics\/wp-content\/uploads\/2011\/06\/collage-768x336.jpeg 768w, https:\/\/hydraulics.unibs.it\/hydraulics\/wp-content\/uploads\/2011\/06\/collage-1024x449.jpeg 1024w, https:\/\/hydraulics.unibs.it\/hydraulics\/wp-content\/uploads\/2011\/06\/collage-604x265.jpeg 604w\" sizes=\"auto, (max-width: 638px) 100vw, 638px\" \/><\/a><\/p>\n<p><strong><em>RETE DI STAZIONI FISSE<\/em><\/strong><\/p>\n<p style=\"text-align: left;\">La rete di monitoraggio gestita dal Gruppo di Idraulica dell&#8217;Universit\u00e0 degli studi di Brescia consiste in <strong>4 diverse stazioni<\/strong>, due localizzate a terra sulla sponda di Iseo e Castro, una stazione galleggiante localizzate nella parte nord del lago, in prossimit\u00e0 della Corna Trentapassi, e di una stazione posta alle Torbiere (cfr. figura sottostante). Tutte queste stazioni sono equipaggiate di data-logger e di un sistema di trasmissione dati via GSM\/GPRS, con relativo kit di alimentazione che consentono <strong>l\u2019invio dei dati ogni 10 minuti<\/strong> ad un database appositamente predisposto. Complessivamente queste stazioni consentono ad oggi di monitorare <strong>in tempo reale<\/strong>:<\/p>\n<ul>\n<li>le condizioni anemometriche (direzione e intensit\u00e0 del vento) in 3 punti ben rappresentativi delle condizioni a lago e in un punto sulle Torbiere del Sebino<\/li>\n<li>le forzanti necessarie per quantificare i flussi termini alla superficie del lago, quali: la radiazione solare ad onde corte, la radiazione totale netta comprensiva della componente ad onde lunghe, la temperatura e l&#8217;umidit\u00e0 dell&#8217;aria, la pressione atmosferica<\/li>\n<li>le oscillazioni del livello del lago e la pressione atmosferica alle estremit\u00e0 meridionale e settentrionale del lago<\/li>\n<li>la temperatura dell&#8217;acqua nei primi 100 m di colonna d&#8217;acqua del lago d&#8217;Iseo<\/li>\n<li>il contenuto di ossigeno disciolto a 75 m di profondit\u00e0<\/li>\n<li>la temperatura e la conducibilit\u00e0 superficiale delle Torbiere del Sebino<\/li>\n<li>l&#8217;altezza di precipitazione istantanea e cumulato alle Torbiere del Sebino<\/li>\n<\/ul>\n<p>La rete di stazioni \u00e8 mostrata nel seguito:<\/p>\n<p><a href=\"https:\/\/hydraulics.unibs.it\/hydraulics\/wp-content\/uploads\/2024\/04\/Summary_rete-3.jpg\" data-rel=\"lightbox-image-1\" data-rl_title=\"\" data-rl_caption=\"\" title=\"\"><img loading=\"lazy\" decoding=\"async\" class=\"alignnone size-full wp-image-6000\" src=\"https:\/\/hydraulics.unibs.it\/hydraulics\/wp-content\/uploads\/2024\/04\/Summary_rete-3.jpg\" alt=\"\" width=\"1479\" height=\"692\" srcset=\"https:\/\/hydraulics.unibs.it\/hydraulics\/wp-content\/uploads\/2024\/04\/Summary_rete-3.jpg 1479w, https:\/\/hydraulics.unibs.it\/hydraulics\/wp-content\/uploads\/2024\/04\/Summary_rete-3-300x140.jpg 300w, https:\/\/hydraulics.unibs.it\/hydraulics\/wp-content\/uploads\/2024\/04\/Summary_rete-3-1024x479.jpg 1024w, https:\/\/hydraulics.unibs.it\/hydraulics\/wp-content\/uploads\/2024\/04\/Summary_rete-3-768x359.jpg 768w, https:\/\/hydraulics.unibs.it\/hydraulics\/wp-content\/uploads\/2024\/04\/Summary_rete-3-577x270.jpg 577w\" sizes=\"auto, (max-width: 1479px) 100vw, 1479px\" \/><\/a><\/p>\n<p style=\"text-align: left;\">Questa rete di stazioni si integra con altre volte a caratterizzare il contenuto di fosforo in ingresso dagli affluenti, condotta in passato\u00a0 <a href=\"http:\/\/hydraulics.unibs.it\/hydraulics\/il-monitoraggio-del-lago-diseo\/monitoraggio-del-fiume-oglio\/\">(link).<\/a>\u00a0Nel seguito, si descrive la strumentazione presente in ogni stazione e la tipologia di dati misurati.<\/p>\n<ul>\n<li><a href=\"?page_id=989\"> Stazione meteorologica di Castro<\/a><\/li>\n<li><a href=\"?page_id=993\"> Stazione meteorologica di Iseo<\/a><\/li>\n<li><a href=\"?page_id=996\"> Stazione galleggiante &#8220;Trentapassi&#8221;<\/a><\/li>\n<li><a href=\"?page_id=1000\"> Stazione galleggiante &#8220;Peschiera&#8221; <\/a>\u00a0(non pi\u00f9 attiva)<\/li>\n<li><a href=\"https:\/\/hydraulics.unibs.it\/hydraulics\/il-monitoraggio-del-lago-diseo\/monitoraggio-del-fiume-oglio\/\">Stazione di misura del fosforo sull&#8217;Oglio<\/a>\u00a0(non pi\u00f9 attiva)<\/li>\n<\/ul>\n<p>Le stazioni, installate e costantemente controllate e calibrate, hanno consentito per la prima volta la comprensione di importanti meccanismi di <strong>scambio energetico <\/strong>e di <strong>mescolamento<\/strong> che determinano i <strong>movimenti delle acque<\/strong> del lago e che ne condizionano il ricambio. L&#8217;insieme di queste misure consentono di osservare e far luce su diversi <strong>fenomeni <\/strong>che hanno luogo all&#8217;interno lago, <a href=\"?page_id=1906\">alcuni dei quali di particolare interesse<\/a>.<\/p>\n<p><em>Questa rete di monitoraggio \u00e8 stata realizzata nell\u2019ambito del progetto \u201cCompletamento della rete di monitoraggio meteorologico, termico e di livello del lago di Iseo\u201d finanziato dalla Comunit\u00e0 Montana dei Laghi Bergamaschi su mandato CSMT e \u00e8 mantenuta attiva anche grazie ad un contratto di collaborazione in essere con l&#8217; Autorit\u00e0 di Bacino Lacuale Dei Laghi D&#8217;Iseo Endine E Moro.<\/em><\/p>\n<p><strong><em>WEBCAM<br \/>\n<\/em><\/strong><\/p>\n<p>Nell&#8217;ambito delle attivit\u00e0 del progetto ISEO finanziato dalla Fondazione Cariplo, \u00e8 stata installata sulla punta della Corna Trentapassi una webcam in grado di fornire in tempo reale ogni 30 minuti un&#8217;immagine ad alta risoluzione della parte nord del lago. Queste immagini, consultabili sulla <a href=\"http:\/\/hydraulics.unibs.it\/hydraulics\/il-monitoraggio-del-lago-diseo\/webcam\/\">pagina dedicata del nostro sito web<\/a>, contribuiscono in particolare all&#8217;attivit\u00e0 di monitoraggio dell&#8217;ingresso del fiume Oglio nel lago d&#8217;Iseo.<\/p>\n<p><strong><em>CAMPAGNE DI MISURA SPERIMENTALI<br \/>\n<\/em><\/strong><\/p>\n<p>Accanto alla misura da stazioni fisse, nel Luglio 2012 \u00e8 stata condotta una <strong>campagna sperimentale<\/strong> finalizzata alla mappatura dell&#8217;ossigeno disciolto nel lago. A questo scopo \u00e8 stata utilizzata una sonda multiparametrica, in grado di misurare la temperatura, il contenuto di ossigeno disciolto, la conducibilit\u00e0, la torbidit\u00e0 e il contenuto di clorofilla A. In 4 giorni sono state condotte misure in oltre 170 punti del lago tra la superficie e il fondo, allo scopo principale di verificare la distribuzione verticale dell\u2019ossigeno disciolto nonch\u00e9 la sua uniformit\u00e0 areale. Queste misure sono state sintetizzate e rappresentate nelle seguenti <a href=\"https:\/\/dl.dropboxusercontent.com\/u\/29102617\/Web\/Campagna_sperimentale\/CM_mappa_verticale.pdf\">mappe<\/a>.<\/p>\n","protected":false},"excerpt":{"rendered":"<p>Ponendosi quale finalit\u00e0 la comprensione di alcuni aspetti caratterizzanti l&#8217;idrodinamica del lago di Iseo e la tutela della qualit\u00e0 delle sue acque, a partire dal 2008 abbiamo iniziato una campagna di monitoraggio e di strumentazione del Lago di Iseo. Nel 2014, in particolare, si \u00e8 conclusa la realizzazione di una rete di 4 stazioni fisse che continuit\u00e0 ed in tempo reale consentono la visualizzazione in tempo reale dei dati caratterizzanti le condizioni meteorologiche e termiche presenti sul lago. I dati&#8230;<\/p>\n<p class=\"read-more\"><a class=\"btn btn-default\" href=\"https:\/\/hydraulics.unibs.it\/hydraulics\/il-monitoraggio-del-lago-diseo\/\">Leggi tutto<span class=\"screen-reader-text\"> Leggi tutto<\/span><\/a><\/p>\n","protected":false},"author":1,"featured_media":0,"parent":0,"menu_order":5,"comment_status":"closed","ping_status":"closed","template":"","meta":{"_bbp_topic_count":0,"_bbp_reply_count":0,"_bbp_total_topic_count":0,"_bbp_total_reply_count":0,"_bbp_voice_count":0,"_bbp_anonymous_reply_count":0,"_bbp_topic_count_hidden":0,"_bbp_reply_count_hidden":0,"_bbp_forum_subforum_count":0,"_exactmetrics_skip_tracking":false,"_exactmetrics_sitenote_active":false,"_exactmetrics_sitenote_note":"","_exactmetrics_sitenote_category":0,"_monsterinsights_skip_tracking":false,"_monsterinsights_sitenote_active":false,"_monsterinsights_sitenote_note":"","_monsterinsights_sitenote_category":0,"footnotes":""},"class_list":["post-1720","page","type-page","status-publish","hentry"],"_links":{"self":[{"href":"https:\/\/hydraulics.unibs.it\/hydraulics\/wp-json\/wp\/v2\/pages\/1720","targetHints":{"allow":["GET"]}}],"collection":[{"href":"https:\/\/hydraulics.unibs.it\/hydraulics\/wp-json\/wp\/v2\/pages"}],"about":[{"href":"https:\/\/hydraulics.unibs.it\/hydraulics\/wp-json\/wp\/v2\/types\/page"}],"author":[{"embeddable":true,"href":"https:\/\/hydraulics.unibs.it\/hydraulics\/wp-json\/wp\/v2\/users\/1"}],"replies":[{"embeddable":true,"href":"https:\/\/hydraulics.unibs.it\/hydraulics\/wp-json\/wp\/v2\/comments?post=1720"}],"version-history":[{"count":177,"href":"https:\/\/hydraulics.unibs.it\/hydraulics\/wp-json\/wp\/v2\/pages\/1720\/revisions"}],"predecessor-version":[{"id":6001,"href":"https:\/\/hydraulics.unibs.it\/hydraulics\/wp-json\/wp\/v2\/pages\/1720\/revisions\/6001"}],"wp:attachment":[{"href":"https:\/\/hydraulics.unibs.it\/hydraulics\/wp-json\/wp\/v2\/media?parent=1720"}],"curies":[{"name":"wp","href":"https:\/\/api.w.org\/{rel}","templated":true}]}}