{"id":1906,"date":"2012-02-13T14:37:27","date_gmt":"2012-02-13T14:37:27","guid":{"rendered":"http:\/\/hydraulics.unibs.it\/hydraulics\/?page_id=1906"},"modified":"2019-06-14T16:48:56","modified_gmt":"2019-06-14T16:48:56","slug":"osservazioni-di-fenomenti-di-interesse","status":"publish","type":"page","link":"https:\/\/hydraulics.unibs.it\/hydraulics\/il-monitoraggio-del-lago-diseo\/osservazioni-di-fenomenti-di-interesse\/","title":{"rendered":"Osservazione di fenomeni di interesse"},"content":{"rendered":"<p style=\"text-align: left;\"><strong><em><img loading=\"lazy\" decoding=\"async\" class=\"wp-image-4544 alignright\" src=\"http:\/\/hydraulics.unibs.it\/hydraulics\/wp-content\/uploads\/2019\/05\/macchia.jpg\" alt=\"\" width=\"157\" height=\"164\" srcset=\"https:\/\/hydraulics.unibs.it\/hydraulics\/wp-content\/uploads\/2019\/05\/macchia.jpg 535w, https:\/\/hydraulics.unibs.it\/hydraulics\/wp-content\/uploads\/2019\/05\/macchia-288x300.jpg 288w, https:\/\/hydraulics.unibs.it\/hydraulics\/wp-content\/uploads\/2019\/05\/macchia-259x270.jpg 259w\" sizes=\"auto, (max-width: 157px) 100vw, 157px\" \/>26-28 Aprile 2019<\/em><\/strong><\/p>\n<p style=\"text-align: left;\">In questi giorni sulla stampa locale ha fatto molto discutere la comparsa, la mattina del 27 Aprile, di una macchia nella parte nord del lago. Tale evento fornisce un&#8217;occasione per gettare uno sguardo sul complesso campo delle correnti del Lago d&#8217;Iseo e per apprezzare l&#8217;importanza di un costante monitoraggio al fine di comprendere gli eventi che interessano il lago. Useremo i dati ripresi dalle nostre stazioni di misura per fornire una chiave interpretativa, molto semplificata, di quanto accaduto.<\/p>\n<p>Nel periodo dal 24 al 28 di Aprile si \u00e8 sviluppata una piena dell&#8217;Oglio, mostrata nell&#8217;immagine seguente (fonte ARPA). Un volume minore \u00e8 entrato dal Canale industriale, non considerato nel seguito di questa analisi. La piena ha avuto un colmo principale di circa 100 mc\/s nella notte del 25 Aprile. Si pu\u00f2 stimare che la piena abbia portato nel lago circa 10 milioni di mc di acqua. Naturalmente l&#8217;acqua dell&#8217;Oglio in tale situazione porta con s\u00e8 sostanze sospese che la rendono torbida. Ci\u00f2 \u00e8 evidente dall&#8217;immagine seguente, che mostra l&#8217;Oglio, torbido, in ingresso al lago il giorno 25 Aprile alle ore 8.40.<\/p>\n<p><a href=\"http:\/\/hydraulics.unibs.it\/hydraulics\/wp-content\/uploads\/2019\/05\/portata2-1.jpg\" data-rel=\"lightbox-image-0\" data-rl_title=\"\" data-rl_caption=\"\" title=\"\"><img loading=\"lazy\" decoding=\"async\" class=\"alignnone size-full wp-image-4559\" src=\"http:\/\/hydraulics.unibs.it\/hydraulics\/wp-content\/uploads\/2019\/05\/portata2-1.jpg\" alt=\"\" width=\"2020\" height=\"257\" srcset=\"https:\/\/hydraulics.unibs.it\/hydraulics\/wp-content\/uploads\/2019\/05\/portata2-1.jpg 2020w, https:\/\/hydraulics.unibs.it\/hydraulics\/wp-content\/uploads\/2019\/05\/portata2-1-300x38.jpg 300w, https:\/\/hydraulics.unibs.it\/hydraulics\/wp-content\/uploads\/2019\/05\/portata2-1-768x98.jpg 768w, https:\/\/hydraulics.unibs.it\/hydraulics\/wp-content\/uploads\/2019\/05\/portata2-1-1024x130.jpg 1024w, https:\/\/hydraulics.unibs.it\/hydraulics\/wp-content\/uploads\/2019\/05\/portata2-1-604x77.jpg 604w\" sizes=\"auto, (max-width: 2020px) 100vw, 2020px\" \/><\/a><\/p>\n<p>Stimando che ogni metro cubo porti con s\u00e9 100 g di sostanze sospese, la piena ha portato nel lago almeno 1000 tonnellate di sostanze sospese. Se queste derivassero totalmente dall&#8217;erosione dell&#8217;alveo, corrisponderebbero a circa 500 metri cubi di terreno eroso.\u00a0Si noti che la torbidit\u00e0 dell&#8217;Oglio, ben visibile all&#8217;ingresso del fiume, \u00e8 solo debolmente visibile sulla superficie del lago (si veda immagine sotto riportata, ripresa il 25 Aprile alle 10.10, in fase terminale della piena). Ci\u00f2 accade poich\u00e9 l&#8217;acqua del fiume sta entrando sotto la superficie del lago, presumibilmente a circa 5-10 m di profondit\u00e0.<\/p>\n<p><a href=\"http:\/\/hydraulics.unibs.it\/hydraulics\/wp-content\/uploads\/2019\/05\/Oglio1.jpg\" data-rel=\"lightbox-image-1\" data-rl_title=\"\" data-rl_caption=\"\" title=\"\"><img loading=\"lazy\" decoding=\"async\" class=\"wp-image-4548 alignleft\" src=\"http:\/\/hydraulics.unibs.it\/hydraulics\/wp-content\/uploads\/2019\/05\/Oglio1.jpg\" alt=\"\" width=\"651\" height=\"291\" srcset=\"https:\/\/hydraulics.unibs.it\/hydraulics\/wp-content\/uploads\/2019\/05\/Oglio1.jpg 1024w, https:\/\/hydraulics.unibs.it\/hydraulics\/wp-content\/uploads\/2019\/05\/Oglio1-300x134.jpg 300w, https:\/\/hydraulics.unibs.it\/hydraulics\/wp-content\/uploads\/2019\/05\/Oglio1-768x344.jpg 768w, https:\/\/hydraulics.unibs.it\/hydraulics\/wp-content\/uploads\/2019\/05\/Oglio1-602x270.jpg 602w\" sizes=\"auto, (max-width: 651px) 100vw, 651px\" \/><\/a><\/p>\n<p>In altre parole, l&#8217;enorme quantitativo di sostanza sospese \u00e8 in questa fase &#8220;nascosto alla vista&#8221; e costituisce una lente sottile con spessore di 1-2 metri ed estensione presumibilmente limitata alla zona nord del lago, appoggiata ad una superficie che chiameremo termoclinio, posta ad una profondit\u00e0 di circa 5-10 metri come rappresentato dall&#8217;immagine a fianco.<\/p>\n<p>&nbsp;<\/p>\n<p>&nbsp;<\/p>\n<p><a href=\"http:\/\/hydraulics.unibs.it\/hydraulics\/wp-content\/uploads\/2019\/05\/Oglio2.jpg\" data-rel=\"lightbox-image-2\" data-rl_title=\"\" data-rl_caption=\"\" title=\"\"><img loading=\"lazy\" decoding=\"async\" class=\"wp-image-4549 alignleft\" src=\"http:\/\/hydraulics.unibs.it\/hydraulics\/wp-content\/uploads\/2019\/05\/Oglio2.jpg\" alt=\"\" width=\"656\" height=\"389\" srcset=\"https:\/\/hydraulics.unibs.it\/hydraulics\/wp-content\/uploads\/2019\/05\/Oglio2.jpg 983w, https:\/\/hydraulics.unibs.it\/hydraulics\/wp-content\/uploads\/2019\/05\/Oglio2-300x178.jpg 300w, https:\/\/hydraulics.unibs.it\/hydraulics\/wp-content\/uploads\/2019\/05\/Oglio2-768x455.jpg 768w, https:\/\/hydraulics.unibs.it\/hydraulics\/wp-content\/uploads\/2019\/05\/Oglio2-456x270.jpg 456w\" sizes=\"auto, (max-width: 656px) 100vw, 656px\" \/><\/a>Nella notte e prima mattina del 26 Aprile, \u00e8 cominciata una fase di risalita di qualche metro del termoclinio che ha quindi indotto una prima parziale emersione nella zona nord della lente di torbidit\u00e0, come mostrato nella figura a fianco. L&#8217;immagine \u00a0mostra come si presentava la superficie del lago la mattina del 26 Aprile alle 11.25. E&#8217; evidente la velatura dell&#8217;acqua dovuta all&#8217;emergere della torbidit\u00e0.<\/p>\n<p>&nbsp;<\/p>\n<p>&nbsp;<\/p>\n<p>&nbsp;<\/p>\n<p>A questa fase ha fatto seguito, dalla tarda mattinata alla fine pomeriggio del 26, un abbassamento del termoclinio di 4\/5 metri. Ci\u00f2 ha stimolato un ingresso di acqua superficiale, non torbida,\u00a0 con correnti da sud provenienti dalla zona centrale del lago. Ci\u00f2 \u00e8 evidente nell&#8217;immagine del 26 Aprile alle 16.40 (in basso a sinistra) che mostra l&#8217;ingresso \u00a0di una massa superficiale di acqua pi\u00f9 scura proveniente da sud nella massa torbida superficiale. Infine, dal pomeriggio del 26 fino a tutto il pomeriggio del 27 si ha avuto un&#8217;ultima forte risalita del termoclinio. Ci\u00f2 ha determinato una pi\u00f9 netta emersione della lente di torbidit\u00e0 e, contestualmente, forti correnti verso sud connesse allo spiazzamento dell&#8217;acqua superficiale. L&#8217;immagine in basso a destra mostra come si presentava la superficie del lago alle ore 7.45 del 27 Aprile.<\/p>\n<p><a href=\"http:\/\/hydraulics.unibs.it\/hydraulics\/wp-content\/uploads\/2019\/05\/Oglio3.jpg\" data-rel=\"lightbox-image-3\" data-rl_title=\"\" data-rl_caption=\"\" title=\"\"><img loading=\"lazy\" decoding=\"async\" class=\"alignnone size-full wp-image-4552\" src=\"http:\/\/hydraulics.unibs.it\/hydraulics\/wp-content\/uploads\/2019\/05\/Oglio3.jpg\" alt=\"\" width=\"1980\" height=\"384\" srcset=\"https:\/\/hydraulics.unibs.it\/hydraulics\/wp-content\/uploads\/2019\/05\/Oglio3.jpg 1980w, https:\/\/hydraulics.unibs.it\/hydraulics\/wp-content\/uploads\/2019\/05\/Oglio3-300x58.jpg 300w, https:\/\/hydraulics.unibs.it\/hydraulics\/wp-content\/uploads\/2019\/05\/Oglio3-768x149.jpg 768w, https:\/\/hydraulics.unibs.it\/hydraulics\/wp-content\/uploads\/2019\/05\/Oglio3-1024x199.jpg 1024w, https:\/\/hydraulics.unibs.it\/hydraulics\/wp-content\/uploads\/2019\/05\/Oglio3-604x117.jpg 604w\" sizes=\"auto, (max-width: 1980px) 100vw, 1980px\" \/><\/a><\/p>\n<p>Le correnti verso sud hanno quindi determinato l&#8217;espulsione nella stessa direzione della massa di sostanze torbide precedentemente emerse, ripresa dalla fotografia che \u00e8 circolata sulla stampa (foto seguente, mattinata del 27 Aprile).<\/p>\n<p><a href=\"http:\/\/hydraulics.unibs.it\/hydraulics\/wp-content\/uploads\/2019\/05\/macchia.jpg\" data-rel=\"lightbox-image-4\" data-rl_title=\"\" data-rl_caption=\"\" title=\"\"><img loading=\"lazy\" decoding=\"async\" class=\"wp-image-4544 aligncenter\" src=\"http:\/\/hydraulics.unibs.it\/hydraulics\/wp-content\/uploads\/2019\/05\/macchia.jpg\" alt=\"\" width=\"312\" height=\"325\" srcset=\"https:\/\/hydraulics.unibs.it\/hydraulics\/wp-content\/uploads\/2019\/05\/macchia.jpg 535w, https:\/\/hydraulics.unibs.it\/hydraulics\/wp-content\/uploads\/2019\/05\/macchia-288x300.jpg 288w, https:\/\/hydraulics.unibs.it\/hydraulics\/wp-content\/uploads\/2019\/05\/macchia-259x270.jpg 259w\" sizes=\"auto, (max-width: 312px) 100vw, 312px\" \/><\/a><\/p>\n<p>Sono ora opportune due precisazioni: 1) come facciamo a sapere che il termoclinio si \u00e8 mosso nella maniera descritta; 2) se la macchia possa essere determinata dalle ceneri dell&#8217;incendio di Rogno.\u00a0La risposta al primo punto \u00e8 data dalla interpretazione dell&#8217;immagine seguente, che mostra la variazione nel tempo delle superfici isoterme all&#8217;interno del lago, misurate alla <a href=\"http:\/\/hydraulics.unibs.it\/hydraulics\/il-monitoraggio-del-lago-diseo\/lsd\/\">stazione galleggiante trentapassi<\/a> e dove la linea nera rappresenta la linea a temperatura 10.5 \u00b0C. L&#8217;interpretazione\u00a0 tecnica di questa immagine, che va oltre la nota divulgativa, evidenzia le oscillazioni descritte.<\/p>\n<p><a href=\"http:\/\/hydraulics.unibs.it\/hydraulics\/wp-content\/uploads\/2019\/05\/Oglio4.jpg\" data-rel=\"lightbox-image-5\" data-rl_title=\"\" data-rl_caption=\"\" title=\"\"><img loading=\"lazy\" decoding=\"async\" class=\"wp-image-4554 aligncenter\" src=\"http:\/\/hydraulics.unibs.it\/hydraulics\/wp-content\/uploads\/2019\/05\/Oglio4.jpg\" alt=\"\" width=\"622\" height=\"212\" srcset=\"https:\/\/hydraulics.unibs.it\/hydraulics\/wp-content\/uploads\/2019\/05\/Oglio4.jpg 2211w, https:\/\/hydraulics.unibs.it\/hydraulics\/wp-content\/uploads\/2019\/05\/Oglio4-300x102.jpg 300w, https:\/\/hydraulics.unibs.it\/hydraulics\/wp-content\/uploads\/2019\/05\/Oglio4-768x262.jpg 768w, https:\/\/hydraulics.unibs.it\/hydraulics\/wp-content\/uploads\/2019\/05\/Oglio4-1024x350.jpg 1024w, https:\/\/hydraulics.unibs.it\/hydraulics\/wp-content\/uploads\/2019\/05\/Oglio4-604x206.jpg 604w\" sizes=\"auto, (max-width: 622px) 100vw, 622px\" \/><\/a><\/p>\n<p>Per quanto riguarda il secondo quesito, la risposta non pu\u00f2 che essere pi\u00f9 sfumata: no e si nel contempo. No, poich\u00e9 le valutazioni sopra riportate hanno mostrato quali masse di materiale siano necessarie per ottenere la nuvola di torbidit\u00e0 che ha interessato il lago nel corso della piena. Queste masse sono presumibilmente molto superiori a quella della cenere rimasta sul terreno al termine nell&#8217;incendio.\u00a0Tuttavia, nel contempo, \u00e8 ragionevole ritenere che le ceneri dell&#8217;incendio di Rogno siano finite nel sistema fognario misto di Rogno e da qui siano defluite nel lago. Esse hanno quindi contribuito, \u00a0seppure in misura parziale, al manifestarsi del fenomeno.\u00a0In effetti, \u00e8 opportuno sapere che durante eventi meteorici intensi quasi tutto il reticolo fognario del bacino della Vallecamonica e del Sebino, viene letteralmente lavato dall&#8217;acqua di pioggia e il risultato sversato nei corsi d&#8217;acqua e da questi nel lago.<\/p>\n<p>Un ultima osservazione: poich\u00e9 \u00e8 possibile mettere in atto interventi tecnici sul sistema fognario che impediscano il ripetersi di questa continua commistione tra acque di fognatura e acque superficiali, speriamo in futuro di poter dedicare spazi di approfondimento per discutere di questi interventi, a miglioramento delle condizioni di vita di tutti.<\/p>\n<p>&nbsp;<\/p>\n<p>&nbsp;<\/p>\n<p>&nbsp;<\/p>\n<p>&nbsp;<\/p>\n<p>&nbsp;<\/p>\n<p>&nbsp;<\/p>\n<p style=\"text-align: center;\"><img loading=\"lazy\" decoding=\"async\" class=\"aligncenter\" title=\"WinterCooling2012\" src=\"http:\/\/dl.dropbox.com\/u\/29102617\/Web\/Eventi_interesse\/WinterCooling2012.png\" alt=\"\" width=\"666\" height=\"288\" \/><\/p>\n","protected":false},"excerpt":{"rendered":"<p>26-28 Aprile 2019 In questi giorni sulla stampa locale ha fatto molto discutere la comparsa, la mattina del 27 Aprile, di una macchia nella parte nord del lago. Tale evento fornisce un&#8217;occasione per gettare uno sguardo sul complesso campo delle correnti del Lago d&#8217;Iseo e per apprezzare l&#8217;importanza di un costante monitoraggio al fine di comprendere gli eventi che interessano il lago. Useremo i dati ripresi dalle nostre stazioni di misura per fornire una chiave interpretativa, molto semplificata, di quanto&#8230;<\/p>\n<p class=\"read-more\"><a class=\"btn btn-default\" href=\"https:\/\/hydraulics.unibs.it\/hydraulics\/il-monitoraggio-del-lago-diseo\/osservazioni-di-fenomenti-di-interesse\/\">Leggi tutto<span class=\"screen-reader-text\"> Leggi tutto<\/span><\/a><\/p>\n","protected":false},"author":1,"featured_media":0,"parent":1720,"menu_order":0,"comment_status":"closed","ping_status":"closed","template":"","meta":{"_bbp_topic_count":0,"_bbp_reply_count":0,"_bbp_total_topic_count":0,"_bbp_total_reply_count":0,"_bbp_voice_count":0,"_bbp_anonymous_reply_count":0,"_bbp_topic_count_hidden":0,"_bbp_reply_count_hidden":0,"_bbp_forum_subforum_count":0,"_exactmetrics_skip_tracking":false,"_exactmetrics_sitenote_active":false,"_exactmetrics_sitenote_note":"","_exactmetrics_sitenote_category":0,"_monsterinsights_skip_tracking":false,"_monsterinsights_sitenote_active":false,"_monsterinsights_sitenote_note":"","_monsterinsights_sitenote_category":0,"footnotes":""},"class_list":["post-1906","page","type-page","status-publish","hentry"],"_links":{"self":[{"href":"https:\/\/hydraulics.unibs.it\/hydraulics\/wp-json\/wp\/v2\/pages\/1906","targetHints":{"allow":["GET"]}}],"collection":[{"href":"https:\/\/hydraulics.unibs.it\/hydraulics\/wp-json\/wp\/v2\/pages"}],"about":[{"href":"https:\/\/hydraulics.unibs.it\/hydraulics\/wp-json\/wp\/v2\/types\/page"}],"author":[{"embeddable":true,"href":"https:\/\/hydraulics.unibs.it\/hydraulics\/wp-json\/wp\/v2\/users\/1"}],"replies":[{"embeddable":true,"href":"https:\/\/hydraulics.unibs.it\/hydraulics\/wp-json\/wp\/v2\/comments?post=1906"}],"version-history":[{"count":26,"href":"https:\/\/hydraulics.unibs.it\/hydraulics\/wp-json\/wp\/v2\/pages\/1906\/revisions"}],"predecessor-version":[{"id":4650,"href":"https:\/\/hydraulics.unibs.it\/hydraulics\/wp-json\/wp\/v2\/pages\/1906\/revisions\/4650"}],"up":[{"embeddable":true,"href":"https:\/\/hydraulics.unibs.it\/hydraulics\/wp-json\/wp\/v2\/pages\/1720"}],"wp:attachment":[{"href":"https:\/\/hydraulics.unibs.it\/hydraulics\/wp-json\/wp\/v2\/media?parent=1906"}],"curies":[{"name":"wp","href":"https:\/\/api.w.org\/{rel}","templated":true}]}}