{"id":38,"date":"2010-02-05T10:49:35","date_gmt":"2010-02-05T10:49:35","guid":{"rendered":"http:\/\/galvuz.netsons.org\/idraulica\/?page_id=38"},"modified":"2017-05-17T08:38:09","modified_gmt":"2017-05-17T08:38:09","slug":"attivita-scientifica","status":"publish","type":"page","link":"https:\/\/hydraulics.unibs.it\/hydraulics\/attivita-scientifica\/","title":{"rendered":"Ricerca"},"content":{"rendered":"<p style=\"text-align: justify;\"><strong>Che cosa \u00e8 e di cosa si occupa l&#8217;Ingegneria Idraulica ?<\/strong> Il campo delle possibili applicazioni \u00e8 veramente sterminato, conseguenza del fatto che praticamente ogni aspetto dell&#8217;ambiente che ci circonda \u00e8 fluido (l&#8217;aria che respiriamo, il sangue che scorre nelle nostre arterie&#8230;) o interagisce in modo fondamentale con fluidi. E di fatto <strong>\u00e8 difficile svolgere un qualunque progetto ingegneristico senza avere a che fare con i fluidi<\/strong> e il loro comportamento. Molte applicazioni riguardano sistemi realizzati dall&#8217;uomo ma molte hanno invece a che fare con la complessit\u00e0 della natura. Si pensi all&#8217;idraulica fluviale, al trasporto solido, allo studio degli acquiferi e della dinamica dei serbatoi o dei laghi. Si tratta chiaramente di un ambito in continua evoluzione, nel quale \u00e8 possibile applicare le leggi della fisica per il progresso dell&#8217;umanit\u00e0, nel rispetto dell&#8217;ambiente circostante.<\/p>\n<p style=\"text-align: left;\">Per cercare di fornire una risposta parziale alla domanda su cosa sia l&#8217;Idraulica, <strong>mostreremo alcuni ambiti di ricerca<\/strong> del nostro gruppo,<strong> limitandoci a quelli che traggono spunto diretto da problematiche legate alla provincia di Brescia<\/strong>: un territorio complesso e antropizzato sin dall&#8217;antichit\u00e0, dove l&#8217;uomo ha dovuto rapportarsi all&#8217;acqua come fonte fondamentale di vita e di ricchezza, ma nel contempo di conflitti e di problemi. In questo ambito si distinguono due attuali linee di ricerca che riguardano:<\/p>\n<ul>\n<li><a href=\"?page_id=1954\"><strong>La sicurezza idraulica del territorio<\/strong><\/a><\/li>\n<li><a href=\"?page_id=1977 \"><strong>I laghi della Provincia di Brescia<\/strong><\/a><\/li>\n<\/ul>\n<p>Alcuni dei risultati di queste attivit\u00e0 di ricerca sono sintetizzati in questi poster:<\/p>\n<ul>\n<li><a href=\"http:\/\/hydraulics.unibs.it\/hydraulics\/wp-content\/uploads\/2010\/02\/Internal_Waves_in_Iseo_2011.pdf\">Spatial and temporal structure of internal waves in Lake Iseo (PhD thesis of Giulia Valerio, 2011)<\/a><\/li>\n<li><a href=\"http:\/\/hydraulics.unibs.it\/hydraulics\/wp-content\/uploads\/2010\/02\/Distribution_of_DO_in_Iseo_2012.pdf\">Spatial distribution of dissolved oxygen in Lake Iseo resulting from the field campaign in 2012<\/a><\/li>\n<li><a href=\"http:\/\/hydraulics.unibs.it\/hydraulics\/wp-content\/uploads\/2010\/02\/1Dmodeling_activities_Gleon14_2012.pdf\">1D modeling_of Lake Iseo_(presented at Gleon14 metting, Ireland 2012)<\/a><\/li>\n<li><a href=\"http:\/\/hydraulics.unibs.it\/hydraulics\/wp-content\/uploads\/2010\/02\/Milanesi_et_al@IAEG_2014_poster.pdf\">The Application of the Erosion Potential Method to alpine areas (presented at IAEG, Torino, 2014)<\/a><\/li>\n<li><a href=\"http:\/\/hydraulics.unibs.it\/hydraulics\/wp-content\/uploads\/2010\/02\/milanesi_et_al@giornate_idrologia_2014_poster.pdf\">People&#8217;s vulnerability to floods (Ph.D. thesis of Luca Milanesi, 2014)<\/a><\/li>\n<li><a href=\"http:\/\/hydraulics.unibs.it\/hydraulics\/wp-content\/uploads\/2012\/05\/fulltext.pdf\">Viscous flow in three-dimensional Reconstructed Porous Media<\/a>\u00a0<a href=\"http:\/\/hydraulics.unibs.it\/hydraulics\/wp-content\/uploads\/2010\/02\/Moto_filtrazione_Idra_2004.pdf\">(presented at Idra_2004, Trento)<\/a><\/li>\n<li><a href=\"http:\/\/hydraulics.unibs.it\/hydraulics\/wp-content\/uploads\/2010\/02\/Gleno_dam_break_2011.pdf\">Reconstruction of the flood following Gleno dam_break<\/a><\/li>\n<li><a href=\"http:\/\/hydraulics.unibs.it\/hydraulics\/wp-content\/uploads\/2010\/02\/3D_distribution_physical_parameters_Iseo_2014.pdf\">Reconstruction of the 3D distribution of physical_parameters in_Iseo (presented at PPNW 2014, Trento)<\/a><\/li>\n<\/ul>\n<p>&nbsp;<\/p>\n","protected":false},"excerpt":{"rendered":"<p>Che cosa \u00e8 e di cosa si occupa l&#8217;Ingegneria Idraulica ? Il campo delle possibili applicazioni \u00e8 veramente sterminato, conseguenza del fatto che praticamente ogni aspetto dell&#8217;ambiente che ci circonda \u00e8 fluido (l&#8217;aria che respiriamo, il sangue che scorre nelle nostre arterie&#8230;) o interagisce in modo fondamentale con fluidi. E di fatto \u00e8 difficile svolgere un qualunque progetto ingegneristico senza avere a che fare con i fluidi e il loro comportamento. Molte applicazioni riguardano sistemi realizzati dall&#8217;uomo ma molte hanno&#8230;<\/p>\n<p class=\"read-more\"><a class=\"btn btn-default\" href=\"https:\/\/hydraulics.unibs.it\/hydraulics\/attivita-scientifica\/\">Leggi tutto<span class=\"screen-reader-text\"> Leggi tutto<\/span><\/a><\/p>\n","protected":false},"author":1,"featured_media":0,"parent":0,"menu_order":3,"comment_status":"closed","ping_status":"closed","template":"","meta":{"_bbp_topic_count":0,"_bbp_reply_count":0,"_bbp_total_topic_count":0,"_bbp_total_reply_count":0,"_bbp_voice_count":0,"_bbp_anonymous_reply_count":0,"_bbp_topic_count_hidden":0,"_bbp_reply_count_hidden":0,"_bbp_forum_subforum_count":0,"_exactmetrics_skip_tracking":false,"_exactmetrics_sitenote_active":false,"_exactmetrics_sitenote_note":"","_exactmetrics_sitenote_category":0,"_monsterinsights_skip_tracking":false,"_monsterinsights_sitenote_active":false,"_monsterinsights_sitenote_note":"","_monsterinsights_sitenote_category":0,"footnotes":""},"class_list":["post-38","page","type-page","status-publish","hentry"],"_links":{"self":[{"href":"https:\/\/hydraulics.unibs.it\/hydraulics\/wp-json\/wp\/v2\/pages\/38","targetHints":{"allow":["GET"]}}],"collection":[{"href":"https:\/\/hydraulics.unibs.it\/hydraulics\/wp-json\/wp\/v2\/pages"}],"about":[{"href":"https:\/\/hydraulics.unibs.it\/hydraulics\/wp-json\/wp\/v2\/types\/page"}],"author":[{"embeddable":true,"href":"https:\/\/hydraulics.unibs.it\/hydraulics\/wp-json\/wp\/v2\/users\/1"}],"replies":[{"embeddable":true,"href":"https:\/\/hydraulics.unibs.it\/hydraulics\/wp-json\/wp\/v2\/comments?post=38"}],"version-history":[{"count":68,"href":"https:\/\/hydraulics.unibs.it\/hydraulics\/wp-json\/wp\/v2\/pages\/38\/revisions"}],"predecessor-version":[{"id":3861,"href":"https:\/\/hydraulics.unibs.it\/hydraulics\/wp-json\/wp\/v2\/pages\/38\/revisions\/3861"}],"wp:attachment":[{"href":"https:\/\/hydraulics.unibs.it\/hydraulics\/wp-json\/wp\/v2\/media?parent=38"}],"curies":[{"name":"wp","href":"https:\/\/api.w.org\/{rel}","templated":true}]}}