{"id":4934,"date":"2021-01-25T07:43:54","date_gmt":"2021-01-25T07:43:54","guid":{"rendered":"https:\/\/hydraulics.unibs.it\/hydraulics\/?page_id=4934"},"modified":"2021-01-25T09:28:17","modified_gmt":"2021-01-25T09:28:17","slug":"divulgazione-nelle-scuole","status":"publish","type":"page","link":"https:\/\/hydraulics.unibs.it\/hydraulics\/terza-missione\/divulgazione-nelle-scuole\/","title":{"rendered":"Divulgazione nelle scuole"},"content":{"rendered":"<p style=\"text-align: center;\"><em><strong>\u201cIl lago, genius loci del territorio bresciano\u201d<\/strong><\/em><\/p>\n<p style=\"text-align: center;\"><strong><em><u>La ricerca nel campo dei laghi come introduzione allo studio delle discipline scientifiche<\/u><\/em><\/strong><\/p>\n<p><a href=\"https:\/\/hydraulics.unibs.it\/hydraulics\/wp-content\/uploads\/2021\/01\/imm1.jpg\" data-rel=\"lightbox-image-0\" data-rl_title=\"\" data-rl_caption=\"\" title=\"\"><img loading=\"lazy\" decoding=\"async\" class=\"wp-image-4946 aligncenter\" src=\"https:\/\/hydraulics.unibs.it\/hydraulics\/wp-content\/uploads\/2021\/01\/imm1.jpg\" alt=\"\" width=\"396\" height=\"326\" srcset=\"https:\/\/hydraulics.unibs.it\/hydraulics\/wp-content\/uploads\/2021\/01\/imm1.jpg 853w, https:\/\/hydraulics.unibs.it\/hydraulics\/wp-content\/uploads\/2021\/01\/imm1-300x247.jpg 300w, https:\/\/hydraulics.unibs.it\/hydraulics\/wp-content\/uploads\/2021\/01\/imm1-768x632.jpg 768w, https:\/\/hydraulics.unibs.it\/hydraulics\/wp-content\/uploads\/2021\/01\/imm1-328x270.jpg 328w\" sizes=\"auto, (max-width: 396px) 100vw, 396px\" \/><\/a><\/p>\n<p>Nel corso degli anni scolastici 2015-2016 e 2017-2018, inizialmente grazie ad un contributo della Fondazione della Comunit\u00e0 Bresciana, il gruppo di Idraulica del DICATAM ha intrapreso un&#8217;attivit\u00e0 sperimentale di divulgazione degli aspetti scientifici relativi ai laghi profondi della provincia di Brescia. Le attivit\u00e0 hanno riguardato 2 classi IV del Liceo Scientifico Antonietti di Iseo e 2 classi del Liceo Calini e del Liceo Scientifico Leonardo di Brescia.<\/p>\n<p>Il progetto ruota in particolare attorno al Lago d&#8217;Iseo, visto come &#8220;genius loci&#8221; del territorio nel quale il Liceo Antonietti si colloca. Su questo lago il gruppo di ricerca conduce da anni attivit\u00e0 che sono riuscite a creare l\u2019interesse della comunit\u00e0 scientifica Internazionale e della comunit\u00e0 locale, portando anche alla pubblicazioni di diversi articoli sulla stampa locale. Un grande lago \u00e8 un ecosistema complesso, in cui aspetti fluidodinamici, idrologici, ecologici e chimici si fondono in modo tale da presentare naturalmente un forte livello di interconnessione.\u00a0 Inoltre, il lago, in quanto integratore dei flussi provenienti dal bacino idrografico di monte, \u00e8 misuratore naturale della sostenibilit\u00e0 ambientale.<\/p>\n<p><a href=\"https:\/\/hydraulics.unibs.it\/hydraulics\/wp-content\/uploads\/2021\/01\/imm2.jpg\" data-rel=\"lightbox-image-1\" data-rl_title=\"\" data-rl_caption=\"\" title=\"\"><img loading=\"lazy\" decoding=\"async\" class=\"alignnone wp-image-4945\" src=\"https:\/\/hydraulics.unibs.it\/hydraulics\/wp-content\/uploads\/2021\/01\/imm2.jpg\" alt=\"\" width=\"359\" height=\"239\" srcset=\"https:\/\/hydraulics.unibs.it\/hydraulics\/wp-content\/uploads\/2021\/01\/imm2.jpg 822w, https:\/\/hydraulics.unibs.it\/hydraulics\/wp-content\/uploads\/2021\/01\/imm2-300x199.jpg 300w, https:\/\/hydraulics.unibs.it\/hydraulics\/wp-content\/uploads\/2021\/01\/imm2-768x510.jpg 768w, https:\/\/hydraulics.unibs.it\/hydraulics\/wp-content\/uploads\/2021\/01\/imm2-406x270.jpg 406w\" sizes=\"auto, (max-width: 359px) 100vw, 359px\" \/><\/a> <a href=\"https:\/\/hydraulics.unibs.it\/hydraulics\/wp-content\/uploads\/2021\/01\/imm3.jpg\" data-rel=\"lightbox-image-2\" data-rl_title=\"\" data-rl_caption=\"\" title=\"\"><img loading=\"lazy\" decoding=\"async\" class=\"alignnone wp-image-4944\" src=\"https:\/\/hydraulics.unibs.it\/hydraulics\/wp-content\/uploads\/2021\/01\/imm3.jpg\" alt=\"\" width=\"436\" height=\"238\" srcset=\"https:\/\/hydraulics.unibs.it\/hydraulics\/wp-content\/uploads\/2021\/01\/imm3.jpg 981w, https:\/\/hydraulics.unibs.it\/hydraulics\/wp-content\/uploads\/2021\/01\/imm3-300x164.jpg 300w, https:\/\/hydraulics.unibs.it\/hydraulics\/wp-content\/uploads\/2021\/01\/imm3-768x420.jpg 768w, https:\/\/hydraulics.unibs.it\/hydraulics\/wp-content\/uploads\/2021\/01\/imm3-494x270.jpg 494w\" sizes=\"auto, (max-width: 436px) 100vw, 436px\" \/><\/a><\/p>\n<p>Il percorso che si \u00e8 proposto non ha inteso solo sviluppare conoscenze, ma anche capacit\u00e0 critiche in grado di cogliere l\u2019interconnessione dei problemi tra fenomeni apparentemente distanti. Si \u00e8 teso a questo obiettivo mediante un processo di apprendimento partecipativo fortemente basato sulla sperimentazione diretta in campo dei processi indagati.<\/p>\n<p>La proposta \u00e8 nata dalla constatazione che uno dei problemi nell\u2019apprendimento della Fisica e della Matematica a livello liceale \u00e8 costituito dalla tendenza a considerare tali discipline come troppo astratte, slegate dalla realt\u00e0. Tale vizio iniziale, unito all\u2019indubbia difficolt\u00e0 di dover apprendere un nuovo protocollo interpretativo, diminuisce l\u2019interesse nei confronti del sapere scientifico, sfavorendo l\u2019acquisizione successiva, a livello universitario, di competenze nel campo delle scienze quantitative. Partendo da tale considerazione, si \u00e8 proposta una didattica che ha esplorato con un procedimento inizialmente maieutico, un rilevante problema ambientale locale, mediante un apprendimento creativo, riflessivo e partecipativo. Ad un primo inquadramento basato sulle conoscenze pregresse della classe, ha fatto seguito un ciclo di seminari che si sono richiamati alle competenze curriculare nei settori della chimica, fisica e matematica. Il fine ultimo \u00e8 stato quello di mostrare applicazioni delle scienze quantitative come strumenti di comprensione della realt\u00e0 che ci circonda.<\/p>\n<p><strong>Obbiettivi principali<\/strong><\/p>\n<p>Le attivit\u00e0 si sono basate su un connubio tra lezioni seminariali, esperienze di laboratorio e sperimentazione di campo, ponendosi\u00a0 i seguenti obbiettivi:<\/p>\n<ol>\n<li>creare l\u2019interesse dei ragazzi nei confronti delle problematiche dell\u2019ambiente e della scienza partendo da elementi caratterizzanti il contesto ambientale nel quale le scuole sono poste<\/li>\n<li>favorire lo sviluppo del senso critico scientifico, del sapere esperienziale (non disgiunto dalla conoscenza teorica) e del senso di appartenenza al proprio territorio.<\/li>\n<li>portare il mondo del Liceo all\u2019interno dell\u2019Universit\u00e0: a tale scopo una delle attivit\u00e0 di ciascuna classe si \u00e8 svolta presso il laboratorio di Idraulica del DICATAM, dove si sono mostrate esperienze che riguardano il lago, gli effetti della forza di Coriolis e le fenomenologie dei fluidi stratificati.<\/li>\n<\/ol>\n<p><strong>Contenuti<\/strong><\/p>\n<p>Le attivit\u00e0 si sono svolte nell&#8217;arco di 6 mesi, articolandosi in una serie di seminari a cadenza di 20 giorni uno dal successivo. Intervallati a questi seminari \u00e8 stato assegnato un compito di ricerca ai ragazzi che lo hanno svolto suddividendosi in gruppi di lavoro.<\/p>\n<p>Alcuni esempi di argomenti sui quali i ragazzi hanno svolto le loro ricerche sono relativi a:<\/p>\n<ul>\n<li>La percezione del lago da parte della comunit\u00e0 dei fruitori: i ragazzi dovranno predisporre un opportuno questionario da sottoporre a specifiche categorie di persone. I dati andranno analizzati e sintetizzati<\/li>\n<li>L&#8217;evoluzione della pesca e del pescato del lago d&#8217;Iseo: ricerca che riguarder\u00e0 i pescatori dilettanti, professionisti come pure i referenti regionali che si occupano della gestione dell&#8217;ittiofauna del lago.<\/li>\n<li>Creazione di una pagina web che raccolga i risultati delle ricerche e che sia punto di presentazione all&#8217;esterno dell&#8217;attivit\u00e0<\/li>\n<li>Il lago e il collettamento dei reflui: i ragazzi saranno indirizzati ad inquadrare le fenomenologie di inquinamento del lago, individuandone le cause. Verranno anche invitati a indagare sulla relazione tra ecosistema lago e espansione urbanistica del territorio circostante.<\/li>\n<li>La problematica delle alghe: i ragazzi saranno invitati a riflettere sul problema, ricercando sulla situazione in altri laghi del mondo, sui problemi connessi e sulle metodologie utilizzate per contrastare il problema.<\/li>\n<li>Realizzazione di un solar pond come esempio di meccanismo di accumulo del calore nel lago<\/li>\n<li>Monitoraggio di alcune quantit\u00e0 chimico fisiche relative al lago<\/li>\n<li>Possibilit\u00e0 di introdurre i ragazzi delle due classi all&#8217;utilizzo di un linguaggio di programmazione per la realizzazione di un codice di calcolo per la simulazione dell&#8217;andamento del livello del lago in occasione di eventi di piena.<\/li>\n<\/ul>\n<p>Alcuni dei lavori realizzati si trovano sintetizzati su una pagina web specificatamente realizzata da uno dei gruppi di lavoro: <a href=\"https:\/\/aslantonietti1718.altervista.org\/chi-siamo\/\">https:\/\/aslantonietti1718.altervista.org\/chi-siamo\/<\/a><\/p>\n<p><a href=\"https:\/\/hydraulics.unibs.it\/hydraulics\/wp-content\/uploads\/2021\/01\/imm4.jpg\" data-rel=\"lightbox-image-3\" data-rl_title=\"\" data-rl_caption=\"\" title=\"\"><img loading=\"lazy\" decoding=\"async\" class=\"wp-image-4943 aligncenter\" src=\"https:\/\/hydraulics.unibs.it\/hydraulics\/wp-content\/uploads\/2021\/01\/imm4.jpg\" alt=\"\" width=\"418\" height=\"349\" srcset=\"https:\/\/hydraulics.unibs.it\/hydraulics\/wp-content\/uploads\/2021\/01\/imm4.jpg 896w, https:\/\/hydraulics.unibs.it\/hydraulics\/wp-content\/uploads\/2021\/01\/imm4-300x250.jpg 300w, https:\/\/hydraulics.unibs.it\/hydraulics\/wp-content\/uploads\/2021\/01\/imm4-768x641.jpg 768w, https:\/\/hydraulics.unibs.it\/hydraulics\/wp-content\/uploads\/2021\/01\/imm4-323x270.jpg 323w\" sizes=\"auto, (max-width: 418px) 100vw, 418px\" \/><\/a><\/p>\n<p><img loading=\"lazy\" decoding=\"async\" class=\"wp-image-4942 alignleft\" src=\"https:\/\/hydraulics.unibs.it\/hydraulics\/wp-content\/uploads\/2021\/01\/imm5.jpg\" alt=\"\" width=\"185\" height=\"360\" srcset=\"https:\/\/hydraulics.unibs.it\/hydraulics\/wp-content\/uploads\/2021\/01\/imm5.jpg 290w, https:\/\/hydraulics.unibs.it\/hydraulics\/wp-content\/uploads\/2021\/01\/imm5-154x300.jpg 154w, https:\/\/hydraulics.unibs.it\/hydraulics\/wp-content\/uploads\/2021\/01\/imm5-139x270.jpg 139w\" sizes=\"auto, (max-width: 185px) 100vw, 185px\" \/><\/p>\n<p>In aggiunta alle attivit\u00e0 seminariale \u00e8 stata condotta una campagna di misura con uscita sul lago.\u00a0Quasi tutti i seminari hanno avuto un taglio colloquiale e partecipato, senza rinunciare alla correttezza scientifica dei contenuti trasmessi. I ragazzi hanno partecipato in prima persona alla predisposizione e conduzione dell\u2019esperimento. Si mostrano nel seguito alcune slide tratte dal secondo e terzo seminario che evidenziano la tipologia e qualit\u00e0 dell\u2019approccio seguito, nel quale le conoscenze teroiche sono state presentate in modo intuitivo e \u201cvisuale\u201d. In generale, oltre alla fase sperimentale, si \u00e8 fatto utilizzo di conoscenze curricolari, strumenti di calcolo come un foglio elettronico e si \u00e8 mostrato l\u2019utilizzo scientifico della lingua Inglese.<\/p>\n<p>Materiale di dettaglio relativo alle esperienze del 2014 \u00e8 disponibile alla pagina web del progetto, all\u2019indirizzo <a href=\"http:\/\/hydraulics.unibs.it\/hydraulics\/?page_id=2951\">http:\/\/hydraulics.unibs.it\/hydraulics\/?page_id=2951 <\/a>dove \u00e8 stato raccolto il materiale didattico utilizzato nell\u2019ambito del progetto, che si \u00e8 avvalso di un cofinanziamento della Fondazione della Comunit\u00e0 Bresciana Onlus.<\/p>\n<p>&nbsp;<\/p>\n<p>Nel seguito si mostra la prima slide di ciascuna presentazione<\/p>\n<p><a href=\"https:\/\/hydraulics.unibs.it\/hydraulics\/wp-content\/uploads\/2021\/01\/imm6-scaled.jpg\" data-rel=\"lightbox-image-4\" data-rl_title=\"\" data-rl_caption=\"\" title=\"\"><img loading=\"lazy\" decoding=\"async\" class=\"alignnone wp-image-4941\" src=\"https:\/\/hydraulics.unibs.it\/hydraulics\/wp-content\/uploads\/2021\/01\/imm6-scaled.jpg\" alt=\"\" width=\"706\" height=\"441\" srcset=\"https:\/\/hydraulics.unibs.it\/hydraulics\/wp-content\/uploads\/2021\/01\/imm6-scaled.jpg 2560w, https:\/\/hydraulics.unibs.it\/hydraulics\/wp-content\/uploads\/2021\/01\/imm6-300x187.jpg 300w, https:\/\/hydraulics.unibs.it\/hydraulics\/wp-content\/uploads\/2021\/01\/imm6-1024x639.jpg 1024w, https:\/\/hydraulics.unibs.it\/hydraulics\/wp-content\/uploads\/2021\/01\/imm6-768x479.jpg 768w, https:\/\/hydraulics.unibs.it\/hydraulics\/wp-content\/uploads\/2021\/01\/imm6-1536x959.jpg 1536w, https:\/\/hydraulics.unibs.it\/hydraulics\/wp-content\/uploads\/2021\/01\/imm6-2048x1278.jpg 2048w, https:\/\/hydraulics.unibs.it\/hydraulics\/wp-content\/uploads\/2021\/01\/imm6-433x270.jpg 433w\" sizes=\"auto, (max-width: 706px) 100vw, 706px\" \/><\/a> <a href=\"https:\/\/hydraulics.unibs.it\/hydraulics\/wp-content\/uploads\/2021\/01\/imm7-scaled.jpg\" data-rel=\"lightbox-image-5\" data-rl_title=\"\" data-rl_caption=\"\" title=\"\"><img loading=\"lazy\" decoding=\"async\" class=\"alignnone wp-image-4940\" src=\"https:\/\/hydraulics.unibs.it\/hydraulics\/wp-content\/uploads\/2021\/01\/imm7-scaled.jpg\" alt=\"\" width=\"704\" height=\"460\" srcset=\"https:\/\/hydraulics.unibs.it\/hydraulics\/wp-content\/uploads\/2021\/01\/imm7-scaled.jpg 2560w, https:\/\/hydraulics.unibs.it\/hydraulics\/wp-content\/uploads\/2021\/01\/imm7-300x196.jpg 300w, https:\/\/hydraulics.unibs.it\/hydraulics\/wp-content\/uploads\/2021\/01\/imm7-1024x669.jpg 1024w, https:\/\/hydraulics.unibs.it\/hydraulics\/wp-content\/uploads\/2021\/01\/imm7-768x501.jpg 768w, https:\/\/hydraulics.unibs.it\/hydraulics\/wp-content\/uploads\/2021\/01\/imm7-1536x1003.jpg 1536w, https:\/\/hydraulics.unibs.it\/hydraulics\/wp-content\/uploads\/2021\/01\/imm7-2048x1337.jpg 2048w, https:\/\/hydraulics.unibs.it\/hydraulics\/wp-content\/uploads\/2021\/01\/imm7-414x270.jpg 414w\" sizes=\"auto, (max-width: 704px) 100vw, 704px\" \/><\/a> <a href=\"https:\/\/hydraulics.unibs.it\/hydraulics\/wp-content\/uploads\/2021\/01\/imm8-scaled.jpg\" data-rel=\"lightbox-image-6\" data-rl_title=\"\" data-rl_caption=\"\" title=\"\"><img loading=\"lazy\" decoding=\"async\" class=\"alignnone wp-image-4939\" src=\"https:\/\/hydraulics.unibs.it\/hydraulics\/wp-content\/uploads\/2021\/01\/imm8-scaled.jpg\" alt=\"\" width=\"713\" height=\"467\" srcset=\"https:\/\/hydraulics.unibs.it\/hydraulics\/wp-content\/uploads\/2021\/01\/imm8-scaled.jpg 2560w, https:\/\/hydraulics.unibs.it\/hydraulics\/wp-content\/uploads\/2021\/01\/imm8-300x196.jpg 300w, https:\/\/hydraulics.unibs.it\/hydraulics\/wp-content\/uploads\/2021\/01\/imm8-1024x670.jpg 1024w, https:\/\/hydraulics.unibs.it\/hydraulics\/wp-content\/uploads\/2021\/01\/imm8-768x502.jpg 768w, https:\/\/hydraulics.unibs.it\/hydraulics\/wp-content\/uploads\/2021\/01\/imm8-1536x1005.jpg 1536w, https:\/\/hydraulics.unibs.it\/hydraulics\/wp-content\/uploads\/2021\/01\/imm8-2048x1340.jpg 2048w, https:\/\/hydraulics.unibs.it\/hydraulics\/wp-content\/uploads\/2021\/01\/imm8-413x270.jpg 413w\" sizes=\"auto, (max-width: 713px) 100vw, 713px\" \/><\/a><\/p>\n","protected":false},"excerpt":{"rendered":"<p>\u201cIl lago, genius loci del territorio bresciano\u201d La ricerca nel campo dei laghi come introduzione allo studio delle discipline scientifiche Nel corso degli anni scolastici 2015-2016 e 2017-2018, inizialmente grazie ad un contributo della Fondazione della Comunit\u00e0 Bresciana, il gruppo di Idraulica del DICATAM ha intrapreso un&#8217;attivit\u00e0 sperimentale di divulgazione degli aspetti scientifici relativi ai laghi profondi della provincia di Brescia. Le attivit\u00e0 hanno riguardato 2 classi IV del Liceo Scientifico Antonietti di Iseo e 2 classi del Liceo Calini&#8230;<\/p>\n<p class=\"read-more\"><a class=\"btn btn-default\" href=\"https:\/\/hydraulics.unibs.it\/hydraulics\/terza-missione\/divulgazione-nelle-scuole\/\">Leggi tutto<span class=\"screen-reader-text\"> Leggi tutto<\/span><\/a><\/p>\n","protected":false},"author":1,"featured_media":0,"parent":4949,"menu_order":0,"comment_status":"closed","ping_status":"closed","template":"","meta":{"_bbp_topic_count":0,"_bbp_reply_count":0,"_bbp_total_topic_count":0,"_bbp_total_reply_count":0,"_bbp_voice_count":0,"_bbp_anonymous_reply_count":0,"_bbp_topic_count_hidden":0,"_bbp_reply_count_hidden":0,"_bbp_forum_subforum_count":0,"_exactmetrics_skip_tracking":false,"_exactmetrics_sitenote_active":false,"_exactmetrics_sitenote_note":"","_exactmetrics_sitenote_category":0,"_monsterinsights_skip_tracking":false,"_monsterinsights_sitenote_active":false,"_monsterinsights_sitenote_note":"","_monsterinsights_sitenote_category":0,"footnotes":""},"class_list":["post-4934","page","type-page","status-publish","hentry"],"_links":{"self":[{"href":"https:\/\/hydraulics.unibs.it\/hydraulics\/wp-json\/wp\/v2\/pages\/4934","targetHints":{"allow":["GET"]}}],"collection":[{"href":"https:\/\/hydraulics.unibs.it\/hydraulics\/wp-json\/wp\/v2\/pages"}],"about":[{"href":"https:\/\/hydraulics.unibs.it\/hydraulics\/wp-json\/wp\/v2\/types\/page"}],"author":[{"embeddable":true,"href":"https:\/\/hydraulics.unibs.it\/hydraulics\/wp-json\/wp\/v2\/users\/1"}],"replies":[{"embeddable":true,"href":"https:\/\/hydraulics.unibs.it\/hydraulics\/wp-json\/wp\/v2\/comments?post=4934"}],"version-history":[{"count":7,"href":"https:\/\/hydraulics.unibs.it\/hydraulics\/wp-json\/wp\/v2\/pages\/4934\/revisions"}],"predecessor-version":[{"id":4969,"href":"https:\/\/hydraulics.unibs.it\/hydraulics\/wp-json\/wp\/v2\/pages\/4934\/revisions\/4969"}],"up":[{"embeddable":true,"href":"https:\/\/hydraulics.unibs.it\/hydraulics\/wp-json\/wp\/v2\/pages\/4949"}],"wp:attachment":[{"href":"https:\/\/hydraulics.unibs.it\/hydraulics\/wp-json\/wp\/v2\/media?parent=4934"}],"curies":[{"name":"wp","href":"https:\/\/api.w.org\/{rel}","templated":true}]}}