{"id":4952,"date":"2021-01-25T09:21:05","date_gmt":"2021-01-25T09:21:05","guid":{"rendered":"https:\/\/hydraulics.unibs.it\/hydraulics\/?page_id=4952"},"modified":"2021-01-25T10:06:58","modified_gmt":"2021-01-25T10:06:58","slug":"seminari","status":"publish","type":"page","link":"https:\/\/hydraulics.unibs.it\/hydraulics\/terza-missione\/seminari\/","title":{"rendered":"Seminari"},"content":{"rendered":"<p style=\"text-align: center;\">\u00a0\u201cIl lago, genius loci del territorio bresciano\u201d<\/p>\n<p style=\"text-align: center;\"><em><strong><u>Ciclo di Seminari relativi alle condizioni Ambientali dei grandi laghi della Provincia di Brescia<\/u><\/strong><\/em><\/p>\n<p><a href=\"https:\/\/hydraulics.unibs.it\/hydraulics\/wp-content\/uploads\/2021\/01\/Presentazione_museo_BS.png\" data-rel=\"lightbox-image-0\" data-rl_title=\"\" data-rl_caption=\"\" title=\"\"><img loading=\"lazy\" decoding=\"async\" class=\" wp-image-4971 aligncenter\" src=\"https:\/\/hydraulics.unibs.it\/hydraulics\/wp-content\/uploads\/2021\/01\/Presentazione_museo_BS.png\" alt=\"\" width=\"454\" height=\"664\" srcset=\"https:\/\/hydraulics.unibs.it\/hydraulics\/wp-content\/uploads\/2021\/01\/Presentazione_museo_BS.png 520w, https:\/\/hydraulics.unibs.it\/hydraulics\/wp-content\/uploads\/2021\/01\/Presentazione_museo_BS-205x300.png 205w, https:\/\/hydraulics.unibs.it\/hydraulics\/wp-content\/uploads\/2021\/01\/Presentazione_museo_BS-185x270.png 185w\" sizes=\"auto, (max-width: 454px) 100vw, 454px\" \/><\/a><\/p>\n<p>Nel corso degli ultimi 3 anni il gruppo di Idraulica del DICATAM (ICAR01) \u00e8 stato impegnato in una intensa attivit\u00e0 di divulgazione delle conoscenze scientifiche raggiunte nel corso dell&#8217;attivit\u00e0 di ricerca e di monitoraggio sperimentale sui grandi laghi della nostra Provincia, attivit\u00e0 che si protrae ormai da oltre 10 anni, e delle evidenze emerse relativamente alle condizioni effettive di questi complessi ecosistemi.<\/p>\n<p>Le attivit\u00e0 di divulgazioni si sono concretizzate in una serie di conferenze tenute presso Comuni della Provincia di Brescia e presso la sede di prestigiose istituzioni, quali il Museo Civico di Storia Naturale di Brescia (si veda locandina sovrastante) o il Museo Civico di Scienze Naturali &#8220;A. Amighetti&#8221; di Lovere (si veda immagine sottostante).<\/p>\n<p>Le conferenze si sono generalmente articolate in una presentazione, della durata di circa 90 minuti, talvolta accompagnata dalla visualizzazione di semplici esperimenti in grado di evidenziare aspetti salienti delle dinamica in atto dei nostri laghi, seguite da una discussione che ha visto in tutte le occasione una viva partecipazione del pubblico, sempre presente in numeri significativi. In altre occasioni, la presentazione si \u00e8 tenuta nell&#8217;ambito di eventi che vedevano il contributo di pi\u00f9 relatori, anche organizzati da importanti operatori provinciali nel settore delle risorse idriche. A titolo di esempio, l&#8217;incontro di Pisogne del Gennaio 2018 o di Iseo nel Gennaio 2019 (si veda immagine sottostante)<\/p>\n<p><a href=\"https:\/\/hydraulics.unibs.it\/hydraulics\/wp-content\/uploads\/2021\/01\/imm10.jpg\" data-rel=\"lightbox-image-1\" data-rl_title=\"\" data-rl_caption=\"\" title=\"\">\u00a0 \u00a0 \u00a0 \u00a0 \u00a0 \u00a0 \u00a0<img loading=\"lazy\" decoding=\"async\" class=\"wp-image-4960 alignleft\" src=\"https:\/\/hydraulics.unibs.it\/hydraulics\/wp-content\/uploads\/2021\/01\/imm10.jpg\" alt=\"\" width=\"296\" height=\"310\" srcset=\"https:\/\/hydraulics.unibs.it\/hydraulics\/wp-content\/uploads\/2021\/01\/imm10.jpg 495w, https:\/\/hydraulics.unibs.it\/hydraulics\/wp-content\/uploads\/2021\/01\/imm10-286x300.jpg 286w, https:\/\/hydraulics.unibs.it\/hydraulics\/wp-content\/uploads\/2021\/01\/imm10-258x270.jpg 258w\" sizes=\"auto, (max-width: 296px) 100vw, 296px\" \/><\/a> \u00a0<a href=\"https:\/\/hydraulics.unibs.it\/hydraulics\/wp-content\/uploads\/2021\/01\/imm11.jpg\" data-rel=\"lightbox-image-2\" data-rl_title=\"\" data-rl_caption=\"\" title=\"\"><img loading=\"lazy\" decoding=\"async\" class=\"alignnone wp-image-4959\" src=\"https:\/\/hydraulics.unibs.it\/hydraulics\/wp-content\/uploads\/2021\/01\/imm11.jpg\" alt=\"\" width=\"262\" height=\"367\" srcset=\"https:\/\/hydraulics.unibs.it\/hydraulics\/wp-content\/uploads\/2021\/01\/imm11.jpg 375w, https:\/\/hydraulics.unibs.it\/hydraulics\/wp-content\/uploads\/2021\/01\/imm11-214x300.jpg 214w, https:\/\/hydraulics.unibs.it\/hydraulics\/wp-content\/uploads\/2021\/01\/imm11-192x270.jpg 192w\" sizes=\"auto, (max-width: 262px) 100vw, 262px\" \/>\u00a0 \u00a0 \u00a0 \u00a0 \u00a0\u00a0<\/a> <a href=\"https:\/\/hydraulics.unibs.it\/hydraulics\/wp-content\/uploads\/2021\/01\/imm-12.jpg\" data-rel=\"lightbox-image-3\" data-rl_title=\"\" data-rl_caption=\"\" title=\"\"><img loading=\"lazy\" decoding=\"async\" class=\"alignnone wp-image-4958\" src=\"https:\/\/hydraulics.unibs.it\/hydraulics\/wp-content\/uploads\/2021\/01\/imm-12.jpg\" alt=\"\" width=\"241\" height=\"336\" srcset=\"https:\/\/hydraulics.unibs.it\/hydraulics\/wp-content\/uploads\/2021\/01\/imm-12.jpg 401w, https:\/\/hydraulics.unibs.it\/hydraulics\/wp-content\/uploads\/2021\/01\/imm-12-215x300.jpg 215w, https:\/\/hydraulics.unibs.it\/hydraulics\/wp-content\/uploads\/2021\/01\/imm-12-193x270.jpg 193w\" sizes=\"auto, (max-width: 241px) 100vw, 241px\" \/><\/a><\/p>\n<p>Tale partecipazione dimostra quale bisogno vi sia di una efficace comunicazione dei risultati della ricerca, specialmente quando questa tocca argomenti ambientali in grado di incidere concretamente sulla qualit\u00e0 della vita quotidiana.<\/p>\n<p>Complessivamente, nel corso degli ultimi tre anni, sono stati organizzati oltre 10 seminari divulgativi nei Comuni di Brescia, Iseo, Pisogne, Palazzolo sull\u2019Oglio, Lovere, Tavernola, Provaglio d&#8217;Iseo.<\/p>\n<p><a href=\"https:\/\/hydraulics.unibs.it\/hydraulics\/wp-content\/uploads\/2021\/01\/imm14.jpg\" data-rel=\"lightbox-image-4\" data-rl_title=\"\" data-rl_caption=\"\" title=\"\">\u00a0 \u00a0 \u00a0 \u00a0 \u00a0 \u00a0 \u00a0 \u00a0 \u00a0 \u00a0 \u00a0 \u00a0 \u00a0 \u00a0 \u00a0 \u00a0 <img loading=\"lazy\" decoding=\"async\" class=\"alignnone wp-image-4956\" src=\"https:\/\/hydraulics.unibs.it\/hydraulics\/wp-content\/uploads\/2021\/01\/imm14.jpg\" alt=\"\" width=\"250\" height=\"328\" srcset=\"https:\/\/hydraulics.unibs.it\/hydraulics\/wp-content\/uploads\/2021\/01\/imm14.jpg 445w, https:\/\/hydraulics.unibs.it\/hydraulics\/wp-content\/uploads\/2021\/01\/imm14-229x300.jpg 229w, https:\/\/hydraulics.unibs.it\/hydraulics\/wp-content\/uploads\/2021\/01\/imm14-206x270.jpg 206w\" sizes=\"auto, (max-width: 250px) 100vw, 250px\" \/><\/a> <a href=\"https:\/\/hydraulics.unibs.it\/hydraulics\/wp-content\/uploads\/2021\/01\/imm15.jpg\" data-rel=\"lightbox-image-5\" data-rl_title=\"\" data-rl_caption=\"\" title=\"\"><img loading=\"lazy\" decoding=\"async\" class=\"alignnone wp-image-4955\" src=\"https:\/\/hydraulics.unibs.it\/hydraulics\/wp-content\/uploads\/2021\/01\/imm15.jpg\" alt=\"\" width=\"232\" height=\"325\" srcset=\"https:\/\/hydraulics.unibs.it\/hydraulics\/wp-content\/uploads\/2021\/01\/imm15.jpg 412w, https:\/\/hydraulics.unibs.it\/hydraulics\/wp-content\/uploads\/2021\/01\/imm15-214x300.jpg 214w, https:\/\/hydraulics.unibs.it\/hydraulics\/wp-content\/uploads\/2021\/01\/imm15-193x270.jpg 193w\" sizes=\"auto, (max-width: 232px) 100vw, 232px\" \/><\/a> <a href=\"https:\/\/hydraulics.unibs.it\/hydraulics\/wp-content\/uploads\/2021\/01\/imm13.jpg\" data-rel=\"lightbox-image-6\" data-rl_title=\"\" data-rl_caption=\"\" title=\"\"><img loading=\"lazy\" decoding=\"async\" class=\"alignnone wp-image-4957\" src=\"https:\/\/hydraulics.unibs.it\/hydraulics\/wp-content\/uploads\/2021\/01\/imm13.jpg\" alt=\"\" width=\"230\" height=\"326\" srcset=\"https:\/\/hydraulics.unibs.it\/hydraulics\/wp-content\/uploads\/2021\/01\/imm13.jpg 336w, https:\/\/hydraulics.unibs.it\/hydraulics\/wp-content\/uploads\/2021\/01\/imm13-212x300.jpg 212w, https:\/\/hydraulics.unibs.it\/hydraulics\/wp-content\/uploads\/2021\/01\/imm13-191x270.jpg 191w\" sizes=\"auto, (max-width: 230px) 100vw, 230px\" \/><\/a><\/p>\n<p>In aggiunta a queste attivita, abbiamo partecipato alle attivit\u00e0 della Notte dei Ricercatori di Milano e al Festival Supernova di Brescia (Unibs).<\/p>\n<p>Nell&#8217;ambito dell&#8217;evento \u201cVuoi essere il mio personal trainer?\u201d presso il Museo della Scienza e della Tecnica di Milano, sono stati presentati alcuni aspetti particolari dell&#8217;idrodinamica dei laghi mediante effettuazione di semplici ma efficaci esperimenti, di cui si riportano alcune immagini nella foto seguente.<\/p>\n<p><a href=\"https:\/\/hydraulics.unibs.it\/hydraulics\/wp-content\/uploads\/2021\/01\/imm16-1.jpg\" data-rel=\"lightbox-image-7\" data-rl_title=\"\" data-rl_caption=\"\" title=\"\"><img loading=\"lazy\" decoding=\"async\" class=\"wp-image-4973 aligncenter\" src=\"https:\/\/hydraulics.unibs.it\/hydraulics\/wp-content\/uploads\/2021\/01\/imm16-1.jpg\" alt=\"\" width=\"707\" height=\"269\" srcset=\"https:\/\/hydraulics.unibs.it\/hydraulics\/wp-content\/uploads\/2021\/01\/imm16-1.jpg 869w, https:\/\/hydraulics.unibs.it\/hydraulics\/wp-content\/uploads\/2021\/01\/imm16-1-300x114.jpg 300w, https:\/\/hydraulics.unibs.it\/hydraulics\/wp-content\/uploads\/2021\/01\/imm16-1-768x292.jpg 768w, https:\/\/hydraulics.unibs.it\/hydraulics\/wp-content\/uploads\/2021\/01\/imm16-1-604x229.jpg 604w\" sizes=\"auto, (max-width: 707px) 100vw, 707px\" \/><\/a><\/p>\n<p><a href=\"https:\/\/hydraulics.unibs.it\/hydraulics\/wp-content\/uploads\/2021\/01\/imm17-scaled.jpg\" data-rel=\"lightbox-image-8\" data-rl_title=\"\" data-rl_caption=\"\" title=\"\"><img loading=\"lazy\" decoding=\"async\" class=\" wp-image-4953 aligncenter\" src=\"https:\/\/hydraulics.unibs.it\/hydraulics\/wp-content\/uploads\/2021\/01\/imm17-scaled.jpg\" alt=\"\" width=\"753\" height=\"166\" srcset=\"https:\/\/hydraulics.unibs.it\/hydraulics\/wp-content\/uploads\/2021\/01\/imm17-scaled.jpg 2560w, https:\/\/hydraulics.unibs.it\/hydraulics\/wp-content\/uploads\/2021\/01\/imm17-300x66.jpg 300w, https:\/\/hydraulics.unibs.it\/hydraulics\/wp-content\/uploads\/2021\/01\/imm17-1024x226.jpg 1024w, https:\/\/hydraulics.unibs.it\/hydraulics\/wp-content\/uploads\/2021\/01\/imm17-768x169.jpg 768w, https:\/\/hydraulics.unibs.it\/hydraulics\/wp-content\/uploads\/2021\/01\/imm17-1536x338.jpg 1536w, https:\/\/hydraulics.unibs.it\/hydraulics\/wp-content\/uploads\/2021\/01\/imm17-2048x451.jpg 2048w, https:\/\/hydraulics.unibs.it\/hydraulics\/wp-content\/uploads\/2021\/01\/imm17-604x133.jpg 604w\" sizes=\"auto, (max-width: 753px) 100vw, 753px\" \/><\/a><\/p>\n","protected":false},"excerpt":{"rendered":"<p>\u00a0\u201cIl lago, genius loci del territorio bresciano\u201d Ciclo di Seminari relativi alle condizioni Ambientali dei grandi laghi della Provincia di Brescia Nel corso degli ultimi 3 anni il gruppo di Idraulica del DICATAM (ICAR01) \u00e8 stato impegnato in una intensa attivit\u00e0 di divulgazione delle conoscenze scientifiche raggiunte nel corso dell&#8217;attivit\u00e0 di ricerca e di monitoraggio sperimentale sui grandi laghi della nostra Provincia, attivit\u00e0 che si protrae ormai da oltre 10 anni, e delle evidenze emerse relativamente alle condizioni effettive di&#8230;<\/p>\n<p class=\"read-more\"><a class=\"btn btn-default\" href=\"https:\/\/hydraulics.unibs.it\/hydraulics\/terza-missione\/seminari\/\">Leggi tutto<span class=\"screen-reader-text\"> Leggi tutto<\/span><\/a><\/p>\n","protected":false},"author":1,"featured_media":0,"parent":4949,"menu_order":0,"comment_status":"closed","ping_status":"closed","template":"","meta":{"_bbp_topic_count":0,"_bbp_reply_count":0,"_bbp_total_topic_count":0,"_bbp_total_reply_count":0,"_bbp_voice_count":0,"_bbp_anonymous_reply_count":0,"_bbp_topic_count_hidden":0,"_bbp_reply_count_hidden":0,"_bbp_forum_subforum_count":0,"_exactmetrics_skip_tracking":false,"_exactmetrics_sitenote_active":false,"_exactmetrics_sitenote_note":"","_exactmetrics_sitenote_category":0,"_monsterinsights_skip_tracking":false,"_monsterinsights_sitenote_active":false,"_monsterinsights_sitenote_note":"","_monsterinsights_sitenote_category":0,"footnotes":""},"class_list":["post-4952","page","type-page","status-publish","hentry"],"_links":{"self":[{"href":"https:\/\/hydraulics.unibs.it\/hydraulics\/wp-json\/wp\/v2\/pages\/4952","targetHints":{"allow":["GET"]}}],"collection":[{"href":"https:\/\/hydraulics.unibs.it\/hydraulics\/wp-json\/wp\/v2\/pages"}],"about":[{"href":"https:\/\/hydraulics.unibs.it\/hydraulics\/wp-json\/wp\/v2\/types\/page"}],"author":[{"embeddable":true,"href":"https:\/\/hydraulics.unibs.it\/hydraulics\/wp-json\/wp\/v2\/users\/1"}],"replies":[{"embeddable":true,"href":"https:\/\/hydraulics.unibs.it\/hydraulics\/wp-json\/wp\/v2\/comments?post=4952"}],"version-history":[{"count":6,"href":"https:\/\/hydraulics.unibs.it\/hydraulics\/wp-json\/wp\/v2\/pages\/4952\/revisions"}],"predecessor-version":[{"id":4967,"href":"https:\/\/hydraulics.unibs.it\/hydraulics\/wp-json\/wp\/v2\/pages\/4952\/revisions\/4967"}],"up":[{"embeddable":true,"href":"https:\/\/hydraulics.unibs.it\/hydraulics\/wp-json\/wp\/v2\/pages\/4949"}],"wp:attachment":[{"href":"https:\/\/hydraulics.unibs.it\/hydraulics\/wp-json\/wp\/v2\/media?parent=4952"}],"curies":[{"name":"wp","href":"https:\/\/api.w.org\/{rel}","templated":true}]}}