{"id":4995,"date":"2021-03-10T11:30:12","date_gmt":"2021-03-10T11:30:12","guid":{"rendered":"https:\/\/hydraulics.unibs.it\/hydraulics\/?page_id=4995"},"modified":"2021-03-15T09:38:58","modified_gmt":"2021-03-15T09:38:58","slug":"onde-crollo-frana","status":"publish","type":"page","link":"https:\/\/hydraulics.unibs.it\/hydraulics\/onde-crollo-frana\/","title":{"rendered":"Moto ondoso conseguente al crollo impulsivo di una frana in un lago"},"content":{"rendered":"<p>La recente notizia di una frana in evoluzione a Tavernola implica problemi di grande portata sociale ed economica. In realt\u00e0 non \u00e8 certo la prima volta che un evento del genere interessa il lago d&#8217;Iseo.\u00a0 Nel 1661 lo storico Donato Calvi descrisse un evento che accadde il 20 di Marzo, cos\u00ec scrivendo:&#8221;<em>cad\u00e8 da un monte mezzo miglio discosto nel vicino lago, tanto vasto pezzo di rupe sassosa, che caus\u00f2 pi\u00f9 gran rumore di qual si voglia fiero tuono, \u00f2 terribil terremoto. Si posero i popoli di Castre in fuga, quelli di Lovere, Pisogni e altre terre alla gran furia del lago atterriti rimasero, e il rumore dell&#8217;acqua, f\u00f9 per diciotto miglia longi sentito. Si sconvolsero de pescatori le barche, e molti ne rimasero affogati sembrando volesse il mondo tutto subissare&#8221;<\/em>.<\/p>\n<p>Il possibile ripetersi di tali eventi,\u00a0 aggravati dal livello di esposizione attuale sulla sponde del lago, ci porta ad interrogarci ulteriormente su come l\u2019ingegneria idraulica possa fornire un contributo alla loro soluzione. In tale direzione, una volta definito dai geologi lo scenario di frana (quali volumi cadranno, con quali tempistiche e con quali modalit\u00e0 di caduta) la valutazione dell\u2019impatto sulla comunit\u00e0 sebina passa attraverso alcuni passi fondamentali:<\/p>\n<p>1) studiare l\u2019impatto sul lago nell\u2019intorno stretto del punto di caduta (<em>near field<\/em>);<\/p>\n<p>2) quantificare le modalit\u00e0 con le quali le onde causate dalla caduta si propagheranno sulla rimanente parte del lago (<em>far field<\/em>), arrivando ai diversi punti della riva;<\/p>\n<p>3) quantificare come ciascun paese sar\u00e0 eventualmente allagato dalle onde che lo investiranno.<\/p>\n<p>Lo studio della propagazione delle onde impulsive conseguenti alla caduta della frana nel lago presenta grande complessit\u00e0 fisica. Risulta particolarmente problematico rappresentare accuratamente il campo di moto nella zona di impatto della frana, ossia nella zona di origine del treno d\u2019onde destinato a ripercuotersi su tutto il lago. La complessit\u00e0 pu\u00f2 essere intuita guardando l\u2019immagine seguente che rappresenta tale fenomeno in seguito ad un evento di caduta di una massa pi\u00f9 piccola di quella oggetto degli scenari peggiori per l\u2019evento in esame. La propagazione dei treni d\u2019onda nelle parti rimanenti del lago richiede poi di cogliere accuratamente la batimetria dello stesso e il carattere dispersivo della propagazione ondosa.<\/p>\n<p><a href=\"https:\/\/hydraulics.unibs.it\/hydraulics\/wp-content\/uploads\/2021\/03\/Impatto_near_field.png\" data-rel=\"lightbox-image-0\" data-rl_title=\"\" data-rl_caption=\"\" title=\"\"><img loading=\"lazy\" decoding=\"async\" class=\"size-full wp-image-4993 aligncenter\" src=\"https:\/\/hydraulics.unibs.it\/hydraulics\/wp-content\/uploads\/2021\/03\/Impatto_near_field.png\" alt=\"\" width=\"524\" height=\"348\" srcset=\"https:\/\/hydraulics.unibs.it\/hydraulics\/wp-content\/uploads\/2021\/03\/Impatto_near_field.png 524w, https:\/\/hydraulics.unibs.it\/hydraulics\/wp-content\/uploads\/2021\/03\/Impatto_near_field-300x199.png 300w, https:\/\/hydraulics.unibs.it\/hydraulics\/wp-content\/uploads\/2021\/03\/Impatto_near_field-407x270.png 407w\" sizes=\"auto, (max-width: 524px) 100vw, 524px\" \/><\/a><\/p>\n<p>Una prima risposta modellistica, gi\u00e0 comunque molto sofisticata, pu\u00f2 essere fornita dalle Shallow Water Equations, un sistema di equazioni differenziali alle derivate parziali di tipo iperbolico in grado di rappresentare la propagazione di una particolare famiglia di onde (cosiddette \u201clunghe\u201d), sotto una serie di ipotesi pi\u00f9 o meno limitative, di cui in particolare risulta qua opportuno ricordare la distribuzione idrostatica della pressione e la limitata curvatura della superficie rispetto alla profondit\u00e0.<\/p>\n<p>Alla luce di quest\u2019ultime limitazioni, si pu\u00f2 avere un\u2019ottima idea orientativa del processo complessivo di propagazione e delle tempistiche collegate guardando i risultati della simulazione che abbiamo effettuato utilizzando un modello bidimensionale di soluzione delle Shallow Water Equations con metodo WAF TVD bidimensionale al secondo ordine su griglia non strutturata. Tale modello, sviluppato nell\u2019ambito di una Tesi di Laurea e di Dottorato (Riccardo Bonomelli), implementa un metodo HLLC per la risoluzione del problema di Riemann per il calcolo dei flussi numerici in congiunzione con una ricostruzione delle variabili all\u2019interfaccia di tipo MUSCL. La determinazione di un andamento puntualmente pi\u00f9 preciso del processo di propagazione deve passare necessariamente attraverso modelli pi\u00f9 sofisticati.<\/p>\n<p>La simulazione \u00e8 stata fatta per un volume di frana di 2 milioni di metri cubi e per una velocit\u00e0 di arrivo della frana a lago inizialmente proposta dai geologi.<\/p>\n<p>Nella scala cromatica le tonalit\u00e0 rosse rappresentano le sopraelevazioni della superficie del lago e quelle blu gli abbassamenti rispetto al livello preesistente l\u2019impatto. Come si nota, tutta la superficie del lago \u00e8 interessata dalla propagazione ondosa che, seppure smorzata nel tempo, continuer\u00e0 ad interessarla per una durata probabile di qualche ora dopo il termine dell&#8217;evento franoso.<\/p>\n<p><iframe loading=\"lazy\" src=\"https:\/\/www.youtube.com\/embed\/oMZEv1Eq4vI\" width=\"560\" height=\"315\" frameborder=\"0\" allowfullscreen=\"allowfullscreen\"><\/iframe><\/p>\n<p>&nbsp;<\/p>\n<p>&nbsp;<\/p>\n","protected":false},"excerpt":{"rendered":"<p>La recente notizia di una frana in evoluzione a Tavernola implica problemi di grande portata sociale ed economica. In realt\u00e0 non \u00e8 certo la prima volta che un evento del genere interessa il lago d&#8217;Iseo.\u00a0 Nel 1661 lo storico Donato Calvi descrisse un evento che accadde il 20 di Marzo, cos\u00ec scrivendo:&#8221;cad\u00e8 da un monte mezzo miglio discosto nel vicino lago, tanto vasto pezzo di rupe sassosa, che caus\u00f2 pi\u00f9 gran rumore di qual si voglia fiero tuono, \u00f2 terribil&#8230;<\/p>\n<p class=\"read-more\"><a class=\"btn btn-default\" href=\"https:\/\/hydraulics.unibs.it\/hydraulics\/onde-crollo-frana\/\">Leggi tutto<span class=\"screen-reader-text\"> Leggi tutto<\/span><\/a><\/p>\n","protected":false},"author":1,"featured_media":0,"parent":0,"menu_order":0,"comment_status":"closed","ping_status":"closed","template":"","meta":{"_bbp_topic_count":0,"_bbp_reply_count":0,"_bbp_total_topic_count":0,"_bbp_total_reply_count":0,"_bbp_voice_count":0,"_bbp_anonymous_reply_count":0,"_bbp_topic_count_hidden":0,"_bbp_reply_count_hidden":0,"_bbp_forum_subforum_count":0,"_exactmetrics_skip_tracking":false,"_exactmetrics_sitenote_active":false,"_exactmetrics_sitenote_note":"","_exactmetrics_sitenote_category":0,"_monsterinsights_skip_tracking":false,"_monsterinsights_sitenote_active":false,"_monsterinsights_sitenote_note":"","_monsterinsights_sitenote_category":0,"footnotes":""},"class_list":["post-4995","page","type-page","status-publish","hentry"],"_links":{"self":[{"href":"https:\/\/hydraulics.unibs.it\/hydraulics\/wp-json\/wp\/v2\/pages\/4995","targetHints":{"allow":["GET"]}}],"collection":[{"href":"https:\/\/hydraulics.unibs.it\/hydraulics\/wp-json\/wp\/v2\/pages"}],"about":[{"href":"https:\/\/hydraulics.unibs.it\/hydraulics\/wp-json\/wp\/v2\/types\/page"}],"author":[{"embeddable":true,"href":"https:\/\/hydraulics.unibs.it\/hydraulics\/wp-json\/wp\/v2\/users\/1"}],"replies":[{"embeddable":true,"href":"https:\/\/hydraulics.unibs.it\/hydraulics\/wp-json\/wp\/v2\/comments?post=4995"}],"version-history":[{"count":20,"href":"https:\/\/hydraulics.unibs.it\/hydraulics\/wp-json\/wp\/v2\/pages\/4995\/revisions"}],"predecessor-version":[{"id":5030,"href":"https:\/\/hydraulics.unibs.it\/hydraulics\/wp-json\/wp\/v2\/pages\/4995\/revisions\/5030"}],"wp:attachment":[{"href":"https:\/\/hydraulics.unibs.it\/hydraulics\/wp-json\/wp\/v2\/media?parent=4995"}],"curies":[{"name":"wp","href":"https:\/\/api.w.org\/{rel}","templated":true}]}}