{"id":5889,"date":"2024-04-02T20:18:51","date_gmt":"2024-04-02T20:18:51","guid":{"rendered":"https:\/\/hydraulics.unibs.it\/hydraulics\/?page_id=5889"},"modified":"2024-04-09T13:23:00","modified_gmt":"2024-04-09T13:23:00","slug":"il-monitoraggio-del-lago-di-garda","status":"publish","type":"page","link":"https:\/\/hydraulics.unibs.it\/hydraulics\/il-monitoraggio-del-lago-di-garda\/","title":{"rendered":"Il Monitoraggio del Lago di Garda"},"content":{"rendered":"<p>Il lago di Garda \u00e8 una fondamentale risorsa idrica, ambientale ed economica del nostro territorio. Per consentirne una vera tutela \u00e8 necessario fare delle misure che consentano di monitorare con continuit\u00e0 lo stato di salute delle sue acque. Con questa finalit\u00e0, il gruppo di Idraulica e l&#8217;Autorit\u00e0 di Bacino Laghi Garda e Idro <a href=\"https:\/\/www.consorziogardaidro.it\/\">https:\/\/www.consorziogardaidro.it\/<\/a> ha dato avvio alla realizzazione di una stazione limnologica che fosse in grado allo stesso tempo di misurare dei dati fondamenti per la ricerca e di fornire dati utili a tutte le persone che a diverso titolo sono interessati al lago e alle sue acque, diventando quindi occasione di sua valorizzazione turistica nonch\u00e9\u0301 di educazione ambientale della comunit\u00e0 rivierasca.<\/p>\n<p><a href=\"https:\/\/hydraulics.unibs.it\/hydraulics\/wp-content\/uploads\/2019\/09\/IMG-20190921-WA0012_bis.jpg\" data-rel=\"lightbox-image-0\" data-rl_title=\"\" data-rl_caption=\"\" title=\"\"><img loading=\"lazy\" decoding=\"async\" class=\" wp-image-4719 alignleft\" src=\"https:\/\/hydraulics.unibs.it\/hydraulics\/wp-content\/uploads\/2019\/09\/IMG-20190921-WA0012_bis-300x148.jpg\" alt=\"\" width=\"269\" height=\"133\" srcset=\"https:\/\/hydraulics.unibs.it\/hydraulics\/wp-content\/uploads\/2019\/09\/IMG-20190921-WA0012_bis-300x148.jpg 300w, https:\/\/hydraulics.unibs.it\/hydraulics\/wp-content\/uploads\/2019\/09\/IMG-20190921-WA0012_bis-768x378.jpg 768w, https:\/\/hydraulics.unibs.it\/hydraulics\/wp-content\/uploads\/2019\/09\/IMG-20190921-WA0012_bis-1024x504.jpg 1024w, https:\/\/hydraulics.unibs.it\/hydraulics\/wp-content\/uploads\/2019\/09\/IMG-20190921-WA0012_bis-548x270.jpg 548w, https:\/\/hydraulics.unibs.it\/hydraulics\/wp-content\/uploads\/2019\/09\/IMG-20190921-WA0012_bis.jpg 1594w\" sizes=\"auto, (max-width: 269px) 100vw, 269px\" \/><\/a>In una prima fase, \u00e8 stata realizzata una stazione galleggiante di fronte alla rocca di Manerba in un punto in cui il lago \u00e8 profondo 100 m. Questa stazione si trovava in una posizione ideale per l&#8217;esposizione; purtroppo due atti vandalici volontari ci hanno obbligati a dismetterla. Le specifiche di questa stazione e le immagini relative all&#8217;installazione sono consultabili alla pagina:\u00a0<a href=\"https:\/\/hydraulics.unibs.it\/hydraulics\/stazione-limnologica-di-manerba\/\">stazione_Manerba<\/a>.<\/p>\n<div class=\"mceTemp\"><\/div>\n<p><a href=\"https:\/\/hydraulics.unibs.it\/hydraulics\/wp-content\/uploads\/2024\/04\/IMG_0597-1-scaled.jpg\" data-rel=\"lightbox-image-1\" data-rl_title=\"\" data-rl_caption=\"\" title=\"\"><img loading=\"lazy\" decoding=\"async\" class=\"wp-image-5949 alignright\" src=\"https:\/\/hydraulics.unibs.it\/hydraulics\/wp-content\/uploads\/2024\/04\/IMG_0597-1-225x300.jpg\" alt=\"\" width=\"180\" height=\"240\" srcset=\"https:\/\/hydraulics.unibs.it\/hydraulics\/wp-content\/uploads\/2024\/04\/IMG_0597-1-225x300.jpg 225w, https:\/\/hydraulics.unibs.it\/hydraulics\/wp-content\/uploads\/2024\/04\/IMG_0597-1-768x1024.jpg 768w, https:\/\/hydraulics.unibs.it\/hydraulics\/wp-content\/uploads\/2024\/04\/IMG_0597-1-1152x1536.jpg 1152w, https:\/\/hydraulics.unibs.it\/hydraulics\/wp-content\/uploads\/2024\/04\/IMG_0597-1-1536x2048.jpg 1536w, https:\/\/hydraulics.unibs.it\/hydraulics\/wp-content\/uploads\/2024\/04\/IMG_0597-1-203x270.jpg 203w, https:\/\/hydraulics.unibs.it\/hydraulics\/wp-content\/uploads\/2024\/04\/IMG_0597-1-scaled.jpg 1920w\" sizes=\"auto, (max-width: 180px) 100vw, 180px\" \/><\/a><a href=\"https:\/\/hydraulics.unibs.it\/hydraulics\/wp-content\/uploads\/2024\/04\/IMG_0656-scaled.jpg\" data-rel=\"lightbox-image-2\" data-rl_title=\"\" data-rl_caption=\"\" title=\"\"><img loading=\"lazy\" decoding=\"async\" class=\"wp-image-5907 alignright\" src=\"https:\/\/hydraulics.unibs.it\/hydraulics\/wp-content\/uploads\/2024\/04\/IMG_0656-scaled-e1712090517359-212x300.jpg\" alt=\"\" width=\"169\" height=\"239\" srcset=\"https:\/\/hydraulics.unibs.it\/hydraulics\/wp-content\/uploads\/2024\/04\/IMG_0656-scaled-e1712090517359-212x300.jpg 212w, https:\/\/hydraulics.unibs.it\/hydraulics\/wp-content\/uploads\/2024\/04\/IMG_0656-scaled-e1712090517359-723x1024.jpg 723w, https:\/\/hydraulics.unibs.it\/hydraulics\/wp-content\/uploads\/2024\/04\/IMG_0656-scaled-e1712090517359-768x1087.jpg 768w, https:\/\/hydraulics.unibs.it\/hydraulics\/wp-content\/uploads\/2024\/04\/IMG_0656-scaled-e1712090517359-1085x1536.jpg 1085w, https:\/\/hydraulics.unibs.it\/hydraulics\/wp-content\/uploads\/2024\/04\/IMG_0656-scaled-e1712090517359-191x270.jpg 191w, https:\/\/hydraulics.unibs.it\/hydraulics\/wp-content\/uploads\/2024\/04\/IMG_0656-scaled-e1712090517359.jpg 1181w\" sizes=\"auto, (max-width: 169px) 100vw, 169px\" \/><\/a><\/p>\n<p>Nel marzo del 2024, grazie alla disponibilit\u00e0 della famiglia Cavazza e al supporto logistico della ditta Hortus e dei Volontari del Garda, la stazione \u00e8 stata installata presso l&#8217;Isola del Garda dove oggi misura e comunica in tempo reale la temperatura dell&#8217;acqua nei primi 90 m di colonna d&#8217;acqua, la concentrazione di ossigeno disciolto a 90 m di profondit\u00e0, la direzione e la velocit\u00e0 del vento misurate da un anemometro installato sulla torretta posta nell&#8217;estremit\u00e0 NE dell&#8217;isola.<\/p>\n<p>I dati misurati sono consultabili in tempo reale nella pagina:\u00a0<a href=\"https:\/\/hydraulics.unibs.it\/hydraulics\/lago-di-garda\/\">Dati_Garda<\/a><\/p>\n<p><strong>Specifiche tecniche della stazione<\/strong><\/p>\n<ul>\n<li>Coordinate N 45.592766, E 10.592571<\/li>\n<li>Frequenza di campionamento: 1\/1min<\/li>\n<li>Frequenza di invio dati : 1\/10min<\/li>\n<li>Data installazione: 08\/03\/2024<\/li>\n<li>Parametri misurati: velocit\u00e0 e direzione del vento, temperatura dell\u2019acqua in 13 punti (-0.5, -1.3, -3, -5, -8, -13, -18, -22, -27, -52, -62, -74, -90 rispetto allo zero idrometrico), ossigeno a \u2013 90 m<\/li>\n<li>Strumentazione installata e relativa precisione: datalogger Campbell Scientific, sensore combinato velocit\u00e0 e direzione del vento Young Wind Monitor 05101 (prec: +- 3\u00b0; +-0.3 m\/s), sensore per la misura dalla temperatura e umidit\u00e0 dell\u2019aria, catena di termistori PME (prec: +- 0.01\u00b0C).<\/li>\n<\/ul>\n<p><strong>A cosa serviranno questi\u00a0 dati?<\/strong><br \/>\nLa stazione consentir\u00e0 di comprendere i meccanismi di circolazione delle acque del lago di Garda e di monitorarne quindi lo stato di salute. Il funzionamento su lungo periodo di questa stazione consentir\u00e0 per esempio di:<br \/>\n&#8211;<strong> <em>monitorare la circolazione degli strati pi\u00f9 profondi del lago<\/em><\/strong>. Al termine dell\u2019inverno avviene un processo di mescolamento fra l\u2019acqua superficiale e profonda, senza il quale l\u2019ossigeno nella parte pi\u00f9 profonda del lago \u00e8 destinato presto ad esaurirsi, rischiando di compromettere lo stato di qualit\u00e0 complessivo delle acque. Per questo \u00e8 fondamentale capire meglio la dinamica di questo fenomeno sotto l\u2019azione delle forzanti esterne, in quanto c\u2019\u00e8 evidenza che il riscaldamento globale stia limitandone la frequenza nei laghi profondi sub-alpini;<br \/>\n&#8211; <strong><em>studiare l\u2019impatto del cambiamento climatico sulla temperatura del lago<\/em><\/strong>. E\u2019 provato a livello internazionale che il cambiamento climatico stia progressivamente riscaldando l\u2019acqua dei laghi sub-alpini, ma in maniera differente tra lago e lago. Misurando la temperatura ad alta frequenza a diverse profondit\u00e0 sar\u00e0 possibile quantificare il tasso di riscaldamento e valutare le implicazioni su aspetti biologici quali la proliferazione algale o l\u2019impatto sull\u2019habitat della fauna ittica;<br \/>\n&#8211; <strong><em>calibrare i modelli matematici<\/em> <\/strong>che consentano di descrivere correttamente il campo delle correnti in tutto il lago come pure di simulare l\u2019evoluzione delle sue condizioni in scenari climatici o di intervento futuri.<\/p>\n<p><strong>Cosa differenzia questa stazione dalle altre misure che gi\u00e0 vengono fatte sul lago?<\/strong><br \/>\nAllo stato attuale nessun altra stazione presente sul lago ha caratteristiche simili.<br \/>\nUna delle particolarit\u00e0 di questa stazione \u00e8 che \u00e8 <strong><em>pensata per fornire allo stesso tempo dei dati alla comunit\u00e0 scientifica e alla comunit\u00e0 locale<\/em><\/strong>. Se si fosse perseguito il solo interesse scientifico, si sarebbe progettata una stazione sommersa che misurasse i dati memorizzandoli al suo interno, cosa che chiaramente ne avrebbe facilitato la gestione. Al contrario, si \u00e8 pensato questo progetto in un\u2019ottica di condivisione con la popolazione locale, in linea con le recenti tendenze della \u201cCitizen Science\u201d, volte a supportare un coinvolgimento sempre pi\u00f9 diretto della popolazione nelle attivit\u00e0 di ricerca. In questa prospettiva, si \u00e8 pensato ad una stazione che acquisisce i dati e li rende disponibili alla comunit\u00e0 in tempo reale, per fornire un prezioso servizio a chi, per ragioni diverse o per semplice interesse ambientale, ha a che fare con il lago. Grazie a questi dati, per esempio, il velista potr\u00e0 verificare la velocit\u00e0 del vento sul lago prima di uscire in barca; il turista potr\u00e0 conoscere il valore della temperatura dell\u2019acqua in superficie prima di fare il bagno; le persone interessate a conoscere il lago potranno osservare come evolve la temperatura dell\u2019acqua profonda nel corso del giorno, del mese e dell\u2019anno; a scuola si potranno usare questi dati per spiegare la \u201cvita\u201d del lago.<br \/>\nCi sono poi altri aspetti che differenziano da un punto di vista scientifico questa stazione rispetto ad altre gi\u00e0 presenti. Innanzitutto essa misura il profilo di temperatura lungo 100 metri di colonna d\u2019acqua e <strong><em>riveler\u00e0 l\u2019esistenza di onde alte decine di metri<\/em> <\/strong>(sesse interne: vedi immagine sottostante) che si svolgono al di sotto della sua superficie, non viste dall\u2019occhio umano, e responsabili fondamentali del meccanismo delle correnti del lago. Le misure della stazione saranno <strong><em>complementari ai profili di temperatura e ossigeno disciolto<\/em> <\/strong>che mensilmente vengono effettuati dall\u2019ARPA, in quanto consentiranno di studiare la<strong><em> dinamica temporale ad alta frequenza<\/em> <\/strong>di queste grandezza ad una fissata profondit\u00e0. Senza tale risoluzione temporale \u00e8 impossibile capire alcuni aspetti fondamentali dell\u2019idrodinamica del lago.<\/p>\n<p><a href=\"https:\/\/hydraulics.unibs.it\/hydraulics\/wp-content\/uploads\/2024\/04\/T.tif\"><img decoding=\"async\" class=\"alignnone size-full wp-image-5952\" src=\"https:\/\/hydraulics.unibs.it\/hydraulics\/wp-content\/uploads\/2024\/04\/T.tif\" alt=\"\" \/><\/a><a href=\"https:\/\/hydraulics.unibs.it\/hydraulics\/wp-content\/uploads\/2024\/04\/T-3.png\" data-rel=\"lightbox-image-3\" data-rl_title=\"\" data-rl_caption=\"\" title=\"\"><img loading=\"lazy\" decoding=\"async\" class=\"alignnone size-full wp-image-5962\" src=\"https:\/\/hydraulics.unibs.it\/hydraulics\/wp-content\/uploads\/2024\/04\/T-3.png\" alt=\"\" width=\"4182\" height=\"1425\" srcset=\"https:\/\/hydraulics.unibs.it\/hydraulics\/wp-content\/uploads\/2024\/04\/T-3.png 4182w, https:\/\/hydraulics.unibs.it\/hydraulics\/wp-content\/uploads\/2024\/04\/T-3-300x102.png 300w, https:\/\/hydraulics.unibs.it\/hydraulics\/wp-content\/uploads\/2024\/04\/T-3-1024x349.png 1024w, https:\/\/hydraulics.unibs.it\/hydraulics\/wp-content\/uploads\/2024\/04\/T-3-768x262.png 768w, https:\/\/hydraulics.unibs.it\/hydraulics\/wp-content\/uploads\/2024\/04\/T-3-1536x523.png 1536w, https:\/\/hydraulics.unibs.it\/hydraulics\/wp-content\/uploads\/2024\/04\/T-3-2048x698.png 2048w, https:\/\/hydraulics.unibs.it\/hydraulics\/wp-content\/uploads\/2024\/04\/T-3-604x206.png 604w\" sizes=\"auto, (max-width: 4182px) 100vw, 4182px\" \/><\/a><\/p>\n<p><strong>Immagini relative alla fase di installazione:<\/strong><\/p>\n<p><a href=\"https:\/\/www.youtube.com\/watch?v=x7qhW2nDzVw\">Video relativo all&#8217;installazione della stazione<\/a><\/p>\n<p style=\"text-align: center;\"><div id=\"metaslider-id-5901\" style=\"max-width: 900px;\" class=\"ml-slider-3-104-0 metaslider metaslider-flex metaslider-5901 ml-slider has-dots-nav ms-theme-default\" role=\"region\" aria-label=\"Isola_del_Garda\" data-height=\"500\" data-width=\"900\">\n    <div id=\"metaslider_container_5901\">\n        <div id=\"metaslider_5901\">\n            <ul class='slides'>\n                <li style=\"display: block; width: 100%;\" class=\"slide-5936 ms-image \" aria-roledescription=\"slide\" data-date=\"2024-04-02 16:57:55\" data-filename=\"IMG_0583-scaled-900x500.jpg\" data-slide-type=\"image\"><img loading=\"lazy\" decoding=\"async\" src=\"https:\/\/hydraulics.unibs.it\/hydraulics\/wp-content\/uploads\/2024\/04\/IMG_0583-scaled-900x500.jpg\" height=\"500\" width=\"900\" alt=\"\" class=\"slider-5901 slide-5936 msDefaultImage\" title=\"IMG_0583\" \/><\/li>\n                <li style=\"display: none; width: 100%;\" class=\"slide-5921 ms-image \" aria-roledescription=\"slide\" data-date=\"2024-04-02 16:27:57\" data-filename=\"IMG_0604-scaled-900x500.jpg\" data-slide-type=\"image\"><img loading=\"lazy\" decoding=\"async\" src=\"https:\/\/hydraulics.unibs.it\/hydraulics\/wp-content\/uploads\/2024\/04\/IMG_0604-scaled-900x500.jpg\" height=\"500\" width=\"900\" alt=\"\" class=\"slider-5901 slide-5921 msDefaultImage\" title=\"IMG_0604\" \/><\/li>\n                <li style=\"display: none; width: 100%;\" class=\"slide-5931 ms-image \" aria-roledescription=\"slide\" data-date=\"2024-04-02 16:27:57\" data-filename=\"IMG-20240311-WA0027-900x500.jpg\" data-slide-type=\"image\"><img loading=\"lazy\" decoding=\"async\" src=\"https:\/\/hydraulics.unibs.it\/hydraulics\/wp-content\/uploads\/2024\/04\/IMG-20240311-WA0027-900x500.jpg\" height=\"500\" width=\"900\" alt=\"\" class=\"slider-5901 slide-5931 msDefaultImage\" title=\"IMG-20240311-WA0027\" \/><\/li>\n                <li style=\"display: none; width: 100%;\" class=\"slide-5933 ms-image \" aria-roledescription=\"slide\" data-date=\"2024-04-02 16:27:58\" data-filename=\"IMG-20240311-WA0038-900x500.jpg\" data-slide-type=\"image\"><img loading=\"lazy\" decoding=\"async\" src=\"https:\/\/hydraulics.unibs.it\/hydraulics\/wp-content\/uploads\/2024\/04\/IMG-20240311-WA0038-900x500.jpg\" height=\"500\" width=\"900\" alt=\"\" class=\"slider-5901 slide-5933 msDefaultImage\" title=\"IMG-20240311-WA0038\" \/><\/li>\n                <li style=\"display: none; width: 100%;\" class=\"slide-5929 ms-image \" aria-roledescription=\"slide\" data-date=\"2024-04-02 16:27:57\" data-filename=\"IMG-20240311-WA0021-900x500.jpg\" data-slide-type=\"image\"><img loading=\"lazy\" decoding=\"async\" src=\"https:\/\/hydraulics.unibs.it\/hydraulics\/wp-content\/uploads\/2024\/04\/IMG-20240311-WA0021-900x500.jpg\" height=\"500\" width=\"900\" alt=\"\" class=\"slider-5901 slide-5929 msDefaultImage\" title=\"IMG-20240311-WA0021\" \/><\/li>\n                <li style=\"display: none; width: 100%;\" class=\"slide-5927 ms-image \" aria-roledescription=\"slide\" data-date=\"2024-04-02 16:27:57\" data-filename=\"IMG-20240311-WA0008-900x500.jpg\" data-slide-type=\"image\"><img loading=\"lazy\" decoding=\"async\" src=\"https:\/\/hydraulics.unibs.it\/hydraulics\/wp-content\/uploads\/2024\/04\/IMG-20240311-WA0008-900x500.jpg\" height=\"500\" width=\"900\" alt=\"\" class=\"slider-5901 slide-5927 msDefaultImage\" title=\"IMG-20240311-WA0008\" \/><\/li>\n                <li style=\"display: none; width: 100%;\" class=\"slide-5930 ms-image \" aria-roledescription=\"slide\" data-date=\"2024-04-02 16:27:57\" data-filename=\"IMG-20240311-WA0023-900x500.jpg\" data-slide-type=\"image\"><img loading=\"lazy\" decoding=\"async\" src=\"https:\/\/hydraulics.unibs.it\/hydraulics\/wp-content\/uploads\/2024\/04\/IMG-20240311-WA0023-900x500.jpg\" height=\"500\" width=\"900\" alt=\"\" class=\"slider-5901 slide-5930 msDefaultImage\" title=\"IMG-20240311-WA0023\" \/><\/li>\n                <li style=\"display: none; width: 100%;\" class=\"slide-5925 ms-image \" aria-roledescription=\"slide\" data-date=\"2024-04-02 16:27:57\" data-filename=\"IMG_0566-scaled-900x500.jpg\" data-slide-type=\"image\"><img loading=\"lazy\" decoding=\"async\" src=\"https:\/\/hydraulics.unibs.it\/hydraulics\/wp-content\/uploads\/2024\/04\/IMG_0566-scaled-900x500.jpg\" height=\"500\" width=\"900\" alt=\"\" class=\"slider-5901 slide-5925 msDefaultImage\" title=\"IMG_0566\" \/><\/li>\n                <li style=\"display: none; width: 100%;\" class=\"slide-5926 ms-image \" aria-roledescription=\"slide\" data-date=\"2024-04-02 16:27:57\" data-filename=\"IMG-20240308-WA0019-900x500.jpg\" data-slide-type=\"image\"><img loading=\"lazy\" decoding=\"async\" src=\"https:\/\/hydraulics.unibs.it\/hydraulics\/wp-content\/uploads\/2024\/04\/IMG-20240308-WA0019-900x500.jpg\" height=\"500\" width=\"900\" alt=\"\" class=\"slider-5901 slide-5926 msDefaultImage\" title=\"IMG-20240308-WA0019\" \/><\/li>\n            <\/ul>\n        <\/div>\n        \n    <\/div>\n<\/div><\/p>\n<p>&nbsp;<\/p>\n","protected":false},"excerpt":{"rendered":"<p>Il lago di Garda \u00e8 una fondamentale risorsa idrica, ambientale ed economica del nostro territorio. Per consentirne una vera tutela \u00e8 necessario fare delle misure che consentano di monitorare con continuit\u00e0 lo stato di salute delle sue acque. Con questa finalit\u00e0, il gruppo di Idraulica e l&#8217;Autorit\u00e0 di Bacino Laghi Garda e Idro https:\/\/www.consorziogardaidro.it\/ ha dato avvio alla realizzazione di una stazione limnologica che fosse in grado allo stesso tempo di misurare dei dati fondamenti per la ricerca e di&#8230;<\/p>\n<p class=\"read-more\"><a class=\"btn btn-default\" href=\"https:\/\/hydraulics.unibs.it\/hydraulics\/il-monitoraggio-del-lago-di-garda\/\">Leggi tutto<span class=\"screen-reader-text\"> Leggi tutto<\/span><\/a><\/p>\n","protected":false},"author":1,"featured_media":0,"parent":0,"menu_order":0,"comment_status":"closed","ping_status":"closed","template":"","meta":{"_bbp_topic_count":0,"_bbp_reply_count":0,"_bbp_total_topic_count":0,"_bbp_total_reply_count":0,"_bbp_voice_count":0,"_bbp_anonymous_reply_count":0,"_bbp_topic_count_hidden":0,"_bbp_reply_count_hidden":0,"_bbp_forum_subforum_count":0,"_exactmetrics_skip_tracking":false,"_exactmetrics_sitenote_active":false,"_exactmetrics_sitenote_note":"","_exactmetrics_sitenote_category":0,"_monsterinsights_skip_tracking":false,"_monsterinsights_sitenote_active":false,"_monsterinsights_sitenote_note":"","_monsterinsights_sitenote_category":0,"footnotes":""},"class_list":["post-5889","page","type-page","status-publish","hentry"],"_links":{"self":[{"href":"https:\/\/hydraulics.unibs.it\/hydraulics\/wp-json\/wp\/v2\/pages\/5889","targetHints":{"allow":["GET"]}}],"collection":[{"href":"https:\/\/hydraulics.unibs.it\/hydraulics\/wp-json\/wp\/v2\/pages"}],"about":[{"href":"https:\/\/hydraulics.unibs.it\/hydraulics\/wp-json\/wp\/v2\/types\/page"}],"author":[{"embeddable":true,"href":"https:\/\/hydraulics.unibs.it\/hydraulics\/wp-json\/wp\/v2\/users\/1"}],"replies":[{"embeddable":true,"href":"https:\/\/hydraulics.unibs.it\/hydraulics\/wp-json\/wp\/v2\/comments?post=5889"}],"version-history":[{"count":21,"href":"https:\/\/hydraulics.unibs.it\/hydraulics\/wp-json\/wp\/v2\/pages\/5889\/revisions"}],"predecessor-version":[{"id":5981,"href":"https:\/\/hydraulics.unibs.it\/hydraulics\/wp-json\/wp\/v2\/pages\/5889\/revisions\/5981"}],"wp:attachment":[{"href":"https:\/\/hydraulics.unibs.it\/hydraulics\/wp-json\/wp\/v2\/media?parent=5889"}],"curies":[{"name":"wp","href":"https:\/\/api.w.org\/{rel}","templated":true}]}}