{"id":930,"date":"2010-09-27T17:35:38","date_gmt":"2010-09-27T17:35:38","guid":{"rendered":"http:\/\/hydraulics.unibs.it\/hydraulics\/?page_id=930"},"modified":"2013-10-31T18:53:36","modified_gmt":"2013-10-31T18:53:36","slug":"lake-iseo","status":"publish","type":"page","link":"https:\/\/hydraulics.unibs.it\/hydraulics\/attivita-scientifica\/lake-iseo\/","title":{"rendered":"Batimetria lago Iseo"},"content":{"rendered":"<p style=\"text-align: left;\">Nel 2008 il  <a href=\"http:\/\/www.consorziolaghi.it\"><strong>Consorzio Gestione Associata dei laghi d&#8217;Iseo, Endine e Moro<\/strong><\/a> ha dato <a href=\"http:\/\/hydraulics.unibs.it\/hydraulics\/wp-content\/uploads\/2010\/10\/Logo_Consorzio.jpg\" data-rel=\"lightbox-image-0\" data-rl_title=\"\" data-rl_caption=\"\"><img loading=\"lazy\" decoding=\"async\" class=\"alignright size-large wp-image-1048\" title=\"\" src=\"http:\/\/hydraulics.unibs.it\/hydraulics\/wp-content\/uploads\/2010\/10\/Logo_Consorzio-877x1024.jpg\" alt=\"\" width=\"124\" height=\"145\" srcset=\"https:\/\/hydraulics.unibs.it\/hydraulics\/wp-content\/uploads\/2010\/10\/Logo_Consorzio-877x1024.jpg 877w, https:\/\/hydraulics.unibs.it\/hydraulics\/wp-content\/uploads\/2010\/10\/Logo_Consorzio-257x300.jpg 257w, https:\/\/hydraulics.unibs.it\/hydraulics\/wp-content\/uploads\/2010\/10\/Logo_Consorzio.jpg 1405w\" sizes=\"auto, (max-width: 124px) 100vw, 124px\" \/><\/a>mandato al gruppo di ricerca di produrre una carta batimetrica del lago di Iseo in grado di utilizzare i dati acquisiti nel corso di una recente campagna dalla Regione Lombardia.<\/p>\n<p style=\"text-align: left;\">La mappa morfobatimetrica \u00e8 <a href=\"http:\/\/hydraulics.unibs.it\/hydraulics\/?page_id=427\">disponibile<\/a> su richiesta in grande formato (60 cm x 105cm) e ad alta risoluzione e il nostro gruppo \u00e8 in grado di realizzarne analoghe per altri laghi.<\/p>\n<p style=\"text-align: left;\">Il primo studio sulla batimetria del lago risale all&#8217;Ing. Francesco  Salmoiraghi, il quale nel 1884 effettu\u00f2 268 scandagli, con la finalit\u00e0  principale di chiarirne l&#8217;origine limnogenetica.\u00a0 Antecedentemente a tale data si sapeva ben poco della conca lacustre del Sebino. Secondo alcune indicazioni la sua profondit\u00e0 era di 340 metri, raggiunta sotto la rupe Trentapassi, in corrispondenza ad un ansa della vecchia strada Vello-Toline, dove questa \u00e8 scavata nella roccia precipite sul Lago.<\/p>\n<p style=\"text-align: left;\">Le misure effettuate dall&#8217; Ing. Francesco Salmoiraghi portarono alla pubblicazione nel 1898 di un ammirevole studio sulla limnologia del Sebino cui l&#8217;Autore alleg\u00f2 ci\u00f2 che modestamente chiam\u00f2 <em>abbozzo di carta batometrica<\/em>. Questa carta, per quanto basata su di un esiguo numero di misure (la densit\u00e0 media \u00e8 di 4 scandagli per km<sup>2<\/sup>) era in realt\u00e0 gi\u00e0 in grado di fornire una visione sufficientemente precisa della morfologia profonda del lago. Un secondo studio batimetrico fu poi condotto nel 1966, in occasione del decennio idrologico internazionale, ad opera dell&#8217;Istituto Idrografico della Marina. Mediamente furono acquisite 13 misure per km<sup>2<\/sup>, che furono utilizzate per la stesura di quella che a tutt&#8217;oggi \u00e8 la carta batimetrica ufficiale del lago.<\/p>\n<p style=\"text-align: left;\">Infine, nel 2002 la Regione Lombardia ha commissionato la realizzazione di una nuova campagna batimetrica all&#8217;Istituto Oceanografico di Trieste. Il rilievo \u00e8 stato condotto con tecnica <em>multibeam<\/em>, basata sulla emissione di un ventaglio di impulsi sonori in direzione trasversale rispetto al verso di avanzamento dello strumento, trainato da un natante di cui \u00e8 nota la posizione istantanea. La profondit\u00e0 viene determinata mediante misura del tempo impiegato da ciascun impulso, riflesso dal fondo, ad attraversare la colonna d&#8217;acqua e a tornare allo strumento emettitore. Qualora siano note con precisione le caratteristiche fisiche della colonna d&#8217;acqua sottostante, la metodologia presenta un&#8217;accuratezza nominale molto elevata come pure elevatissimo \u00e8 il numero di dati acquisiti. Per la elaborazione di questa carta batimetrica si sono utilizzati i dati originari del rilievo 2002 e i dati aggregati a 5 metri del successivo rilievo di completamento del 2004. I dati sono stati filtrati e infine interpolati ai nodi di un grigliato regolare di passo 2 metri. In definitiva, la carta batimetrica qui presentata \u00e8 ottenuta partendo da circa 28 milioni di dati, distribuiti in modo non del tutto uniforme, cui corrisponde una densit\u00e0 media di circa 400000 misure per km<sup>2<\/sup>.<\/p>\n<figure id=\"attachment_1037\" aria-describedby=\"caption-attachment-1037\" style=\"width: 626px\" class=\"wp-caption aligncenter\"><a href=\"http:\/\/hydraulics.unibs.it\/hydraulics\/wp-content\/uploads\/2010\/09\/batimetria_piccola.jpg\" data-rel=\"lightbox-image-1\" data-rl_title=\"\" data-rl_caption=\"\"><img loading=\"lazy\" decoding=\"async\" class=\"size-large wp-image-1037 \" title=\"\" src=\"http:\/\/hydraulics.unibs.it\/hydraulics\/wp-content\/uploads\/2010\/09\/batimetria_piccola-626x1024.jpg\" alt=\"\" width=\"626\" height=\"1024\" srcset=\"https:\/\/hydraulics.unibs.it\/hydraulics\/wp-content\/uploads\/2010\/09\/batimetria_piccola-626x1024.jpg 626w, https:\/\/hydraulics.unibs.it\/hydraulics\/wp-content\/uploads\/2010\/09\/batimetria_piccola-183x300.jpg 183w, https:\/\/hydraulics.unibs.it\/hydraulics\/wp-content\/uploads\/2010\/09\/batimetria_piccola.jpg 633w\" sizes=\"auto, (max-width: 626px) 100vw, 626px\" \/><\/a><figcaption id=\"caption-attachment-1037\" class=\"wp-caption-text\">Carta morfobatimetrica realizzata per il Consorzio di Gestione Associata del Lago di Iseo, Endine e Moro<\/figcaption><\/figure>\n<p>Sulla carta sono riportate le linee isobate tracciate con interdistanza di 10 m ad eccezione della zona meridionale dove, in considerazione della maggiore estensione areale dei bassi fondali, \u00e8 parso interessante, almeno fino a 10 metri di profondit\u00e0, ridurre l&#8217;interdistanza ad 1 metro. E&#8217; inoltre mostrata, in bianco, la linea di criptodressione, corrispondente cio\u00e8 alla porzione del lago che giace al di sotto del livello medio del mare. Infine, per la topografia circostante si \u00e8 voluto utilizzare lo stesso supporto cartografico che compare nella <em>Carta<\/em> di Salmoiraghi, il quale modific\u00f2 la carta allora prodotta dall&#8217;Istituto Geografico Militare a scala 1:50000 con aggiunte e mutazioni alla toponomastica locale. Il modello di elevazione risultante fornisce quella che \u00e8 ad oggi l&#8217;immagine pi\u00f9 dettagliata del fondo del Lago di Iseo. Esso consente la visualizzazione e l&#8217;elaborazione dell&#8217;informazione morfologica.<\/p>\n<p>I grafici riportati nella carta batimetrica (Fig. 1-10 della carta morfobatimetrica) mostrano due profili longitudinali del fondo del lago e 9 sezioni trasversali viste da sud e georeferenziate in Figura 13. Al fine di consentire una visualizzazione pi\u00f9 significativa, si sono adottate due differenti scale verticali. Sull&#8217;asse di sinistra, che corrisponde alla linea a tratto spesso, la scala delle profondit\u00e0 \u00e8 alterata rispetto a quella longitudinale di un fattore maggiore di 1. In questo modo, lo sviluppo altimetrico sia delle sezioni che del percorso longitudinale risultano pi\u00f9 evidenti, anche se si perde la percezione dell&#8217;esatto rapporto di forma. Per questa ragione, sull&#8217;asse di destra, che corrisponde alla linea pi\u00f9 sottile, il tracciato o la sezione sono mostrati in scala verticale non alterata (1:1). Infine, nell&#8217;angolo basso di destra delle figure delle sezioni, viene mostrato il confronto della sezione corrente con la massima sezione trasversale (ovvero la sezione 6, in blu), al fine di evidenziare la dinamica longitudinale delle aree disponibili al deflusso medio nel lago. La vista tridimensionale in Fig. 15 ritrae la regione della conoide del F. Oglio e del T. Borlezza vista dal punto rosso di Fig. 13 (si veda anche la sezione longitudinale, Fig. 10, e trasversale, Fig. 9). In tale zona \u00e8 evidente l&#8217;interrimento operato dai due principali immissari. I sedimenti dell&#8217;Oglio, in particolare, hanno formato una conoide con rampa discendente a pendenza media del 7% sulla cui superficie si osserva la presenza di alvei scavati dalle correnti di torbida. Da tali alvei sublacuali appare anche chiaramente la tendenza alla divagazione dell&#8217;Oglio. Superata la rampa discendente, si arriva al bassopiano centrale (si veda Fig. 16, ripresa dal punto giallo di Fig. 13), ove la lenta sedimentazione ha determinato una superficie pianeggiante, con profondit\u00e0 variabile tra 240 e 250 m in circa 7 km. Si \u00e8 qui nella regione delle Isole (si veda Fig. 17, ripresa dal punto verde di Fig. 13). Tra i molti aspetti caratteristici di questa zona vi \u00e8 la separazione del lago, operata da Monteisola, in due rami paralleli posti a quote totalmente diverse (si veda Fig. 10 e Fig. 5); inoltre, si pu\u00f2 notare la presenza di una cima sommersa (dai pescatori detta &#8220;el gamber&#8221;) a nord di Monteisola che eleva il fondo fino a soli 71 metri al di sotto della superficie del lago. E&#8217; qui che nel 1884 il Salmoiraghi perse uno dei suoi scandagli in fase di recupero, deducendone una conformazione aspra e rocciosa delle pareti. Procedendo verso Sarnico, si esce da questa zona attraverso una rampa ascendente, che chiude il bassopiano centrale e prelude al pi\u00f9 basso fondale della regione di Iseo e di Sarnico. Completano questa succinta descrizione la curva ipsografica del bacino lacustre (linea blu, Fig. 11) e la curva dei volumi invasati alle diverse profondit\u00e0 (linea arancione, Fig. 11), normalizzate rispettivamente rispetto all&#8217;area superficiale del lago, A, e al volume complessivamente invasato V. La prima curva fornisce una visione sintetica della distribuzione areale alle diverse profondit\u00e0 mentre la seconda consente di valutare in quanto tempo, in linea del tutto teorica, verrebbe riempito il lago, supposto inizialmente vuoto, fino alle diverse profondit\u00e0. A tale proposito, sulla base di una portata media in ingresso dall&#8217;Oglio stimabile in 58 m\u00b3\/s, il tempo di totale riempimento, T, risulterebbe di circa 4.3 anni.<\/p>\n<p style=\"text-align: left;\">Riferimenti bibliografici:<\/p>\n<ul>\n<li>Salmoiraghi F. (1898), &#8220;<a href=\"http:\/\/hydraulics.unibs.it\/hydraulics\/wp-content\/uploads\/2010\/10\/Trattato_Salmoiraghi.pdf\">Contributo alla Limnologia del Sebino &#8211; con un abbozzo di carta batometrica<\/a>&#8220;, <em>Tip. Bernardoni<\/em>, Milano.<\/li>\n<li>Bini A., Corbari D., Falletti P., Fassina M., Perotti C., Piccin A. (2007), &#8220;Morphology and geological setting of Iseo lake (Lombardy) through multibeam bathimetry and high-resolution seismic profiles&#8221;, <em>Swiss Journal of geosciences<\/em>, 100(1).<\/li>\n<\/ul>\n<p style=\"text-align: left;\">La elaborazione della batimetria ha anche portato alla realizzazione di un filmato che presenta una visualizzazione tridimensionale del fondo del lago di Iseo. L&#8217;immagine sottostante mostra, ad esempio, una immagine tratta da questo filmato e relativa alla zona settentrionale del lago.<\/p>\n<figure id=\"attachment_1052\" aria-describedby=\"caption-attachment-1052\" style=\"width: 493px\" class=\"wp-caption aligncenter\"><a href=\"http:\/\/hydraulics.unibs.it\/hydraulics\/wp-content\/uploads\/2010\/09\/batimetria_zona_nord.png\" data-rel=\"lightbox-image-2\" data-rl_title=\"\" data-rl_caption=\"\"><img loading=\"lazy\" decoding=\"async\" class=\"size-full wp-image-1052\" title=\"\" src=\"http:\/\/hydraulics.unibs.it\/hydraulics\/wp-content\/uploads\/2010\/09\/batimetria_zona_nord.png\" alt=\"\" width=\"493\" height=\"339\" srcset=\"https:\/\/hydraulics.unibs.it\/hydraulics\/wp-content\/uploads\/2010\/09\/batimetria_zona_nord.png 880w, https:\/\/hydraulics.unibs.it\/hydraulics\/wp-content\/uploads\/2010\/09\/batimetria_zona_nord-300x206.png 300w\" sizes=\"auto, (max-width: 493px) 100vw, 493px\" \/><\/a><figcaption id=\"caption-attachment-1052\" class=\"wp-caption-text\">La zona settentrionale del lago di Iseo tra Lovere e Pisogne. Le linee gialle sono isobate ogni 50 metri di profondit\u00e0. La linea bianca \u00e8 la linea di criptodepressione<\/figcaption><\/figure>\n<p style=\"text-align: center;\">&nbsp;<\/p>\n","protected":false},"excerpt":{"rendered":"<p>Nel 2008 il Consorzio Gestione Associata dei laghi d&#8217;Iseo, Endine e Moro ha dato mandato al gruppo di ricerca di produrre una carta batimetrica del lago di Iseo in grado di utilizzare i dati acquisiti nel corso di una recente campagna dalla Regione Lombardia. La mappa morfobatimetrica \u00e8 disponibile su richiesta in grande formato (60 cm x 105cm) e ad alta risoluzione e il nostro gruppo \u00e8 in grado di realizzarne analoghe per altri laghi. Il primo studio sulla batimetria&#8230;<\/p>\n<p class=\"read-more\"><a class=\"btn btn-default\" href=\"https:\/\/hydraulics.unibs.it\/hydraulics\/attivita-scientifica\/lake-iseo\/\">Leggi tutto<span class=\"screen-reader-text\"> Leggi tutto<\/span><\/a><\/p>\n","protected":false},"author":1,"featured_media":0,"parent":38,"menu_order":0,"comment_status":"closed","ping_status":"closed","template":"","meta":{"_bbp_topic_count":0,"_bbp_reply_count":0,"_bbp_total_topic_count":0,"_bbp_total_reply_count":0,"_bbp_voice_count":0,"_bbp_anonymous_reply_count":0,"_bbp_topic_count_hidden":0,"_bbp_reply_count_hidden":0,"_bbp_forum_subforum_count":0,"_exactmetrics_skip_tracking":false,"_exactmetrics_sitenote_active":false,"_exactmetrics_sitenote_note":"","_exactmetrics_sitenote_category":0,"_monsterinsights_skip_tracking":false,"_monsterinsights_sitenote_active":false,"_monsterinsights_sitenote_note":"","_monsterinsights_sitenote_category":0,"footnotes":""},"class_list":["post-930","page","type-page","status-publish","hentry"],"_links":{"self":[{"href":"https:\/\/hydraulics.unibs.it\/hydraulics\/wp-json\/wp\/v2\/pages\/930","targetHints":{"allow":["GET"]}}],"collection":[{"href":"https:\/\/hydraulics.unibs.it\/hydraulics\/wp-json\/wp\/v2\/pages"}],"about":[{"href":"https:\/\/hydraulics.unibs.it\/hydraulics\/wp-json\/wp\/v2\/types\/page"}],"author":[{"embeddable":true,"href":"https:\/\/hydraulics.unibs.it\/hydraulics\/wp-json\/wp\/v2\/users\/1"}],"replies":[{"embeddable":true,"href":"https:\/\/hydraulics.unibs.it\/hydraulics\/wp-json\/wp\/v2\/comments?post=930"}],"version-history":[{"count":38,"href":"https:\/\/hydraulics.unibs.it\/hydraulics\/wp-json\/wp\/v2\/pages\/930\/revisions"}],"predecessor-version":[{"id":2550,"href":"https:\/\/hydraulics.unibs.it\/hydraulics\/wp-json\/wp\/v2\/pages\/930\/revisions\/2550"}],"up":[{"embeddable":true,"href":"https:\/\/hydraulics.unibs.it\/hydraulics\/wp-json\/wp\/v2\/pages\/38"}],"wp:attachment":[{"href":"https:\/\/hydraulics.unibs.it\/hydraulics\/wp-json\/wp\/v2\/media?parent=930"}],"curies":[{"name":"wp","href":"https:\/\/api.w.org\/{rel}","templated":true}]}}